{"id":338501,"date":"2025-09-04T17:38:44","date_gmt":"2025-09-04T17:38:44","guid":{"rendered":"https:\/\/www.sunsetworldresorts.com\/?page_id=338501"},"modified":"2025-09-05T19:33:48","modified_gmt":"2025-09-05T19:33:48","slug":"hacienda-tres-rios-promociones-spa","status":"publish","type":"page","link":"https:\/\/www.sunsetworldresorts.com\/es\/hacienda-tres-rios-promociones-spa\/","title":{"rendered":"Hacienda Tres Rios Promociones \/ Spa"},"content":{"rendered":"<div data-elementor-type=\"wp-page\" data-elementor-id=\"338501\" class=\"elementor elementor-338501\" data-elementor-post-type=\"page\">\n\t\t\t\t<div class=\"elementor-element elementor-element-dcf04c5 e-flex e-con-boxed e-con e-parent\" data-id=\"dcf04c5\" data-element_type=\"container\" data-e-type=\"container\" data-settings=\"{&quot;background_background&quot;:&quot;classic&quot;,&quot;ekit_has_onepagescroll_dot&quot;:&quot;yes&quot;}\">\n\t\t\t\t\t<div class=\"e-con-inner\">\n\t\t<div class=\"elementor-element elementor-element-f448b07 e-con-full e-flex e-con e-child\" data-id=\"f448b07\" data-element_type=\"container\" data-e-type=\"container\" data-settings=\"{&quot;background_background&quot;:&quot;classic&quot;,&quot;ekit_has_onepagescroll_dot&quot;:&quot;yes&quot;}\">\n\t\t\t\t<div class=\"elementor-element elementor-element-c573efd elementor-absolute elementor-widget elementor-widget-image\" data-id=\"c573efd\" data-element_type=\"widget\" data-e-type=\"widget\" data-settings=\"{&quot;_position&quot;:&quot;absolute&quot;,&quot;ekit_we_mousemove_parallax_speed&quot;:10,&quot;ekit_we_effect_on&quot;:&quot;mousemove&quot;,&quot;ekit_we_on_test_mode&quot;:&quot;on&quot;}\" data-widget_type=\"image.default\">\n\t\t\t\t<div class=\"elementor-widget-container\">\n\t\t\t\t\t\t\t\t\t\t\t\t\t\t\t<img alt=\"\" fetchpriority=\"high\" decoding=\"async\" width=\"1000\" height=\"1000\" src=\"https:\/\/www.sunsetworldresorts.com\/newsite\/wp-content\/uploads\/2025\/09\/2509_0822_0_HTR_SPA_PROMOCION-LOCALES-SPA-HTR_1000x1000.webp\" class=\"attachment-full size-full wp-image-338563\" srcset=\"https:\/\/www.sunsetworldresorts.com\/newsite\/wp-content\/uploads\/2025\/09\/2509_0822_0_HTR_SPA_PROMOCION-LOCALES-SPA-HTR_1000x1000.webp 1000w, https:\/\/www.sunsetworldresorts.com\/newsite\/wp-content\/uploads\/2025\/09\/2509_0822_0_HTR_SPA_PROMOCION-LOCALES-SPA-HTR_1000x1000-300x300.webp 300w, https:\/\/www.sunsetworldresorts.com\/newsite\/wp-content\/uploads\/2025\/09\/2509_0822_0_HTR_SPA_PROMOCION-LOCALES-SPA-HTR_1000x1000-150x150.webp 150w, https:\/\/www.sunsetworldresorts.com\/newsite\/wp-content\/uploads\/2025\/09\/2509_0822_0_HTR_SPA_PROMOCION-LOCALES-SPA-HTR_1000x1000-768x768.webp 768w, https:\/\/www.sunsetworldresorts.com\/newsite\/wp-content\/uploads\/2025\/09\/2509_0822_0_HTR_SPA_PROMOCION-LOCALES-SPA-HTR_1000x1000-12x12.webp 12w\" sizes=\"(max-width: 1000px) 100vw, 1000px\" \/>\t\t\t\t\t\t\t\t\t\t\t\t\t\t\t<\/div>\n\t\t\t\t<\/div>\n\t\t\t\t<div class=\"elementor-element elementor-element-892cd37 elementor-widget elementor-widget-image\" data-id=\"892cd37\" data-element_type=\"widget\" data-e-type=\"widget\" data-settings=\"{&quot;ekit_we_effect_on&quot;:&quot;mousemove&quot;,&quot;ekit_we_on_test_mode&quot;:&quot;on&quot;,&quot;ekit_we_mousemove_parallax_speed&quot;:40}\" data-widget_type=\"image.default\">\n\t\t\t\t<div class=\"elementor-widget-container\">\n\t\t\t\t\t\t\t\t\t\t\t\t\t\t\t<img alt=\"\" decoding=\"async\" width=\"550\" height=\"449\" src=\"https:\/\/www.sunsetworldresorts.com\/newsite\/wp-content\/uploads\/2025\/03\/image_morphig_img_11.svg\" class=\"attachment-full size-full wp-image-335799\" \/>\t\t\t\t\t\t\t\t\t\t\t\t\t\t\t<\/div>\n\t\t\t\t<\/div>\n\t\t\t\t<\/div>\n\t\t<div class=\"elementor-element elementor-element-103ebab e-con-full e-flex e-con e-child\" data-id=\"103ebab\" data-element_type=\"container\" data-e-type=\"container\" data-settings=\"{&quot;ekit_has_onepagescroll_dot&quot;:&quot;yes&quot;}\">\n\t\t\t\t<div class=\"elementor-element elementor-element-1be4970 elementor-widget elementor-widget-elementskit-heading\" data-id=\"1be4970\" data-element_type=\"widget\" data-e-type=\"widget\" data-settings=\"{&quot;ekit_we_effect_on&quot;:&quot;none&quot;}\" data-widget_type=\"elementskit-heading.default\">\n\t\t\t\t<div class=\"elementor-widget-container\">\n\t\t\t\t\t<div class=\"ekit-wid-con\" ><div class=\"ekit-heading elementskit-section-title-wraper text_left   ekit_heading_tablet-   ekit_heading_mobile-text_center\"><h2 class=\"ekit-heading--title elementskit-section-title\">INCLUYE<\/h2><\/div><\/div>\t\t\t\t<\/div>\n\t\t\t\t<\/div>\n\t\t\t\t<div class=\"elementor-element elementor-element-638e613 elementor-widget elementor-widget-text-editor\" data-id=\"638e613\" data-element_type=\"widget\" data-e-type=\"widget\" data-settings=\"{&quot;ekit_we_effect_on&quot;:&quot;none&quot;}\" data-widget_type=\"text-editor.default\">\n\t\t\t\t<div class=\"elementor-widget-container\">\n\t\t\t\t\t\t\t\t\t<p class=\"ds-markdown-paragraph\"><strong>* Uso albercas y playa del hotel de 10:00 a 5:00 pm<br \/><\/strong>\u00a0 \u00a0 \u00a0 \u00a0* Almuerzo<br \/>\u00a0 \u00a0 \u00a0 \u00a0* Tour kayak, bicicleta o jungle kar<br \/><strong>* Masaje relajante de 50 min<\/strong><\/p>\t\t\t\t\t\t\t\t<\/div>\n\t\t\t\t<\/div>\n\t\t\t\t<div class=\"elementor-element elementor-element-0747688 elementor-widget elementor-widget-text-editor\" data-id=\"0747688\" data-element_type=\"widget\" data-e-type=\"widget\" data-settings=\"{&quot;ekit_we_effect_on&quot;:&quot;none&quot;}\" data-widget_type=\"text-editor.default\">\n\t\t\t\t<div class=\"elementor-widget-container\">\n\t\t\t\t\t\t\t\t\t<p><strong>T\u00e9rminos y condiciones:<\/strong>\u00a0<br \/>Promoci\u00f3n v\u00e1lida para el hotel Hacienda Tres R\u00edos. Vigencia al 15 de Diciembre 2025. V\u00e1lido solo para residentes de Quintana Roo con identificaci\u00f3n vigente. Cupo limitado. No aplica con otras promociones.<\/p>\t\t\t\t\t\t\t\t<\/div>\n\t\t\t\t<\/div>\n\t\t\t\t<div class=\"elementor-element elementor-element-a7d03d5 elementor-align--mobilecenter elementor-align-left elementor-widget elementor-widget-elementskit-button\" data-id=\"a7d03d5\" data-element_type=\"widget\" data-e-type=\"widget\" data-settings=\"{&quot;ekit_we_effect_on&quot;:&quot;none&quot;}\" data-widget_type=\"elementskit-button.default\">\n\t\t\t\t<div class=\"elementor-widget-container\">\n\t\t\t\t\t<div class=\"ekit-wid-con\" >\t\t<div class=\"ekit-btn-wraper\">\n\t\t\t\t\t\t\t<a href=\"https:\/\/wa.link\/q28zqy\" class=\"elementskit-btn  whitespace--normal\" id=\"\">\n\t\t\t\t\t<i class=\"icon icon-whatsapp-1\"><\/i>Reservar\t\t\t\t<\/a>\n\t\t\t\t\t<\/div>\n        <\/div>\t\t\t\t<\/div>\n\t\t\t\t<\/div>\n\t\t\t\t<\/div>\n\t\t\t\t\t<\/div>\n\t\t\t\t<\/div>\n\t\t\t\t<\/div>","protected":false},"excerpt":{"rendered":"<p>INCLUYE * Uso albercas y playa del hotel de 10:00 a 5:00 pm\u00a0 \u00a0 \u00a0 \u00a0* Almuerzo\u00a0 \u00a0 \u00a0 \u00a0* Tour kayak, bicicleta o jungle kar* Masaje relajante de 50 min T\u00e9rminos y condiciones:\u00a0Promoci\u00f3n v\u00e1lida para el hotel Hacienda Tres R\u00edos. Vigencia al 15 de Diciembre 2025. V\u00e1lido solo para residentes de Quintana Roo con [&hellip;]<\/p>","protected":false},"author":1,"featured_media":0,"parent":0,"menu_order":0,"comment_status":"closed","ping_status":"closed","template":"elementor_header_footer","meta":{"_seopress_robots_primary_cat":"","_seopress_titles_title":"","_seopress_titles_desc":"","_seopress_robots_index":"","footnotes":""},"class_list":["post-338501","page","type-page","status-publish","hentry"],"_links":{"self":[{"href":"https:\/\/www.sunsetworldresorts.com\/es\/wp-json\/wp\/v2\/pages\/338501","targetHints":{"allow":["GET"]}}],"collection":[{"href":"https:\/\/www.sunsetworldresorts.com\/es\/wp-json\/wp\/v2\/pages"}],"about":[{"href":"https:\/\/www.sunsetworldresorts.com\/es\/wp-json\/wp\/v2\/types\/page"}],"author":[{"embeddable":true,"href":"https:\/\/www.sunsetworldresorts.com\/es\/wp-json\/wp\/v2\/users\/1"}],"replies":[{"embeddable":true,"href":"https:\/\/www.sunsetworldresorts.com\/es\/wp-json\/wp\/v2\/comments?post=338501"}],"version-history":[{"count":52,"href":"https:\/\/www.sunsetworldresorts.com\/es\/wp-json\/wp\/v2\/pages\/338501\/revisions"}],"predecessor-version":[{"id":338566,"href":"https:\/\/www.sunsetworldresorts.com\/es\/wp-json\/wp\/v2\/pages\/338501\/revisions\/338566"}],"wp:attachment":[{"href":"https:\/\/www.sunsetworldresorts.com\/es\/wp-json\/wp\/v2\/media?parent=338501"}],"curies":[{"name":"wp","href":"https:\/\/api.w.org\/{rel}","templated":true}]}}