{"id":331000,"date":"2024-11-06T18:12:54","date_gmt":"2024-11-06T18:12:54","guid":{"rendered":"https:\/\/www.sunsetworldresorts.com\/newsite\/?page_id=331000"},"modified":"2026-03-24T17:10:28","modified_gmt":"2026-03-24T17:10:28","slug":"digital-magazine","status":"publish","type":"page","link":"https:\/\/www.sunsetworldresorts.com\/es\/digital-magazine\/","title":{"rendered":"Digital magazine"},"content":{"rendered":"<div data-elementor-type=\"wp-page\" data-elementor-id=\"331000\" class=\"elementor elementor-331000\" data-elementor-post-type=\"page\">\n\t\t\t\t<div class=\"elementor-element elementor-element-855e733 e-con-full e-flex e-con e-parent\" data-id=\"855e733\" data-element_type=\"container\" data-e-type=\"container\" data-settings=\"{&quot;ekit_has_onepagescroll_dot&quot;:&quot;yes&quot;}\">\n\t\t\t\t<div class=\"elementor-element elementor-element-d3e6260 elementor-widget elementor-widget-heading\" data-id=\"d3e6260\" data-element_type=\"widget\" data-e-type=\"widget\" data-settings=\"{&quot;ekit_we_effect_on&quot;:&quot;none&quot;}\" data-widget_type=\"heading.default\">\n\t\t\t\t<div class=\"elementor-widget-container\">\n\t\t\t\t\t<h2 class=\"elementor-heading-title elementor-size-default\">Revista Sunset World\n<\/h2>\t\t\t\t<\/div>\n\t\t\t\t<\/div>\n\t\t\t\t<div class=\"elementor-element elementor-element-9b5141c elementor-widget elementor-widget-text-editor\" data-id=\"9b5141c\" data-element_type=\"widget\" data-e-type=\"widget\" data-settings=\"{&quot;ekit_we_effect_on&quot;:&quot;none&quot;}\" data-widget_type=\"text-editor.default\">\n\t\t\t\t<div class=\"elementor-widget-container\">\n\t\t\t\t\t\t\t\t\t<p>Tambi\u00e9n le permite conocer de cerca nuestro bello destino, sus mejores atracciones y las \u00faltimas noticias. Esperamos que lo disfrute.<\/p>\t\t\t\t\t\t\t\t<\/div>\n\t\t\t\t<\/div>\n\t\t\t\t<\/div>\n\t\t<div class=\"elementor-element elementor-element-c17ca59 e-con-full e-flex e-con e-parent\" data-id=\"c17ca59\" data-element_type=\"container\" data-e-type=\"container\" data-settings=\"{&quot;ekit_has_onepagescroll_dot&quot;:&quot;yes&quot;}\">\n\t\t<div class=\"elementor-element elementor-element-956d856 e-con-full elementor-hidden-mobile e-flex e-con e-child\" data-id=\"956d856\" data-element_type=\"container\" data-e-type=\"container\" data-settings=\"{&quot;ekit_has_onepagescroll_dot&quot;:&quot;yes&quot;}\">\n\t\t\t\t<\/div>\n\t\t<div class=\"elementor-element elementor-element-a98349f e-con-full e-flex e-con e-child\" data-id=\"a98349f\" data-element_type=\"container\" data-e-type=\"container\" data-settings=\"{&quot;ekit_has_onepagescroll_dot&quot;:&quot;yes&quot;}\">\n\t\t\t\t<div class=\"elementor-element elementor-element-27ecc5b elementor-widget elementor-widget-image\" data-id=\"27ecc5b\" data-element_type=\"widget\" data-e-type=\"widget\" data-settings=\"{&quot;ekit_we_effect_on&quot;:&quot;none&quot;}\" data-widget_type=\"image.default\">\n\t\t\t\t<div class=\"elementor-widget-container\">\n\t\t\t\t\t\t\t\t\t\t\t\t\t\t\t\t<a href=\"#elementor-action%3Aaction%3Dpopup%3Aopen%26settings%3DeyJpZCI6IjM0MDYxNCIsInRvZ2dsZSI6ZmFsc2V9\">\n\t\t\t\t\t\t\t<img alt=\"\" fetchpriority=\"high\" decoding=\"async\" width=\"1811\" height=\"2560\" src=\"https:\/\/www.sunsetworldresorts.com\/newsite\/wp-content\/uploads\/2026\/03\/portadilla-revista.jpg\" class=\"attachment-full size-full wp-image-340605\" srcset=\"https:\/\/www.sunsetworldresorts.com\/newsite\/wp-content\/uploads\/2026\/03\/portadilla-revista.jpg 1811w, https:\/\/www.sunsetworldresorts.com\/newsite\/wp-content\/uploads\/2026\/03\/portadilla-revista-212x300.jpg 212w, https:\/\/www.sunsetworldresorts.com\/newsite\/wp-content\/uploads\/2026\/03\/portadilla-revista-724x1024.jpg 724w, https:\/\/www.sunsetworldresorts.com\/newsite\/wp-content\/uploads\/2026\/03\/portadilla-revista-768x1086.jpg 768w, https:\/\/www.sunsetworldresorts.com\/newsite\/wp-content\/uploads\/2026\/03\/portadilla-revista-1087x1536.jpg 1087w, https:\/\/www.sunsetworldresorts.com\/newsite\/wp-content\/uploads\/2026\/03\/portadilla-revista-1449x2048.jpg 1449w, https:\/\/www.sunsetworldresorts.com\/newsite\/wp-content\/uploads\/2026\/03\/portadilla-revista-8x12.jpg 8w\" sizes=\"(max-width: 1811px) 100vw, 1811px\" \/>\t\t\t\t\t\t\t\t<\/a>\n\t\t\t\t\t\t\t\t\t\t\t\t\t\t\t<\/div>\n\t\t\t\t<\/div>\n\t\t\t\t<div class=\"elementor-element elementor-element-484f58a elementor-widget elementor-widget-text-editor\" data-id=\"484f58a\" data-element_type=\"widget\" data-e-type=\"widget\" data-settings=\"{&quot;ekit_we_effect_on&quot;:&quot;none&quot;}\" data-widget_type=\"text-editor.default\">\n\t\t\t\t<div class=\"elementor-widget-container\">\n\t\t\t\t\t\t\t\t\t<div class=\"wpb_column vc_column_container vc_col-sm-4\"><div class=\"vc_column-inner\"><div class=\"wpb_wrapper\"><div class=\"wpb_text_column wpb_content_element\"><div class=\"wpb_wrapper\"><p>EDICI\u00d3N No.5 | 2026 | CANC\u00daN, M\u00c9X<\/p><\/div><\/div><\/div><\/div><\/div>\t\t\t\t\t\t\t\t<\/div>\n\t\t\t\t<\/div>\n\t\t\t\t<\/div>\n\t\t<div class=\"elementor-element elementor-element-518deed e-con-full elementor-hidden-mobile e-flex e-con e-child\" data-id=\"518deed\" data-element_type=\"container\" data-e-type=\"container\" data-settings=\"{&quot;ekit_has_onepagescroll_dot&quot;:&quot;yes&quot;}\">\n\t\t\t\t<\/div>\n\t\t\t\t<\/div>\n\t\t<div class=\"elementor-element elementor-element-1474466 e-con-full e-flex e-con e-parent\" data-id=\"1474466\" data-element_type=\"container\" data-e-type=\"container\" data-settings=\"{&quot;ekit_has_onepagescroll_dot&quot;:&quot;yes&quot;}\">\n\t\t<div class=\"elementor-element elementor-element-04fc2d3 e-con-full e-flex e-con e-child\" data-id=\"04fc2d3\" data-element_type=\"container\" data-e-type=\"container\" data-settings=\"{&quot;ekit_has_onepagescroll_dot&quot;:&quot;yes&quot;}\">\n\t\t\t\t<div class=\"elementor-element elementor-element-65c44ea elementor-widget elementor-widget-image\" data-id=\"65c44ea\" data-element_type=\"widget\" data-e-type=\"widget\" data-settings=\"{&quot;ekit_we_effect_on&quot;:&quot;none&quot;}\" data-widget_type=\"image.default\">\n\t\t\t\t<div class=\"elementor-widget-container\">\n\t\t\t\t\t\t\t\t\t\t\t\t\t\t\t\t<a href=\"#elementor-action%3Aaction%3Dpopup%3Aopen%26settings%3DeyJpZCI6IjMzMTQzNCIsInRvZ2dsZSI6ZmFsc2V9\">\n\t\t\t\t\t\t\t<img alt=\"\" decoding=\"async\" width=\"768\" height=\"1087\" src=\"https:\/\/www.sunsetworldresorts.com\/newsite\/wp-content\/uploads\/2024\/11\/REVISTA-SW_PORTADA_NO.1.png\" class=\"attachment-full size-full wp-image-331025\" srcset=\"https:\/\/www.sunsetworldresorts.com\/newsite\/wp-content\/uploads\/2024\/11\/REVISTA-SW_PORTADA_NO.1.png 768w, https:\/\/www.sunsetworldresorts.com\/newsite\/wp-content\/uploads\/2024\/11\/REVISTA-SW_PORTADA_NO.1-212x300.png 212w, https:\/\/www.sunsetworldresorts.com\/newsite\/wp-content\/uploads\/2024\/11\/REVISTA-SW_PORTADA_NO.1-723x1024.png 723w, https:\/\/www.sunsetworldresorts.com\/newsite\/wp-content\/uploads\/2024\/11\/REVISTA-SW_PORTADA_NO.1-8x12.png 8w\" sizes=\"(max-width: 768px) 100vw, 768px\" \/>\t\t\t\t\t\t\t\t<\/a>\n\t\t\t\t\t\t\t\t\t\t\t\t\t\t\t<\/div>\n\t\t\t\t<\/div>\n\t\t\t\t<div class=\"elementor-element elementor-element-b41527c elementor-widget elementor-widget-text-editor\" data-id=\"b41527c\" data-element_type=\"widget\" data-e-type=\"widget\" data-settings=\"{&quot;ekit_we_effect_on&quot;:&quot;none&quot;}\" data-widget_type=\"text-editor.default\">\n\t\t\t\t<div class=\"elementor-widget-container\">\n\t\t\t\t\t\t\t\t\t<div class=\"wpb_column vc_column_container vc_col-sm-3\"><div class=\"vc_column-inner\"><div class=\"wpb_wrapper\"><div class=\"wpb_text_column wpb_content_element\"><div class=\"wpb_wrapper\"><p>EDICI\u00d3N No.1 | 2022 | CANC\u00daN, MEX<\/p><\/div><\/div><\/div><\/div><\/div>\t\t\t\t\t\t\t\t<\/div>\n\t\t\t\t<\/div>\n\t\t\t\t<\/div>\n\t\t<div class=\"elementor-element elementor-element-ad195f7 e-con-full e-flex e-con e-child\" data-id=\"ad195f7\" data-element_type=\"container\" data-e-type=\"container\" data-settings=\"{&quot;ekit_has_onepagescroll_dot&quot;:&quot;yes&quot;}\">\n\t\t\t\t<div class=\"elementor-element elementor-element-a5c32a3 elementor-widget elementor-widget-image\" data-id=\"a5c32a3\" data-element_type=\"widget\" data-e-type=\"widget\" data-settings=\"{&quot;ekit_we_effect_on&quot;:&quot;none&quot;}\" data-widget_type=\"image.default\">\n\t\t\t\t<div class=\"elementor-widget-container\">\n\t\t\t\t\t\t\t\t\t\t\t\t\t\t\t\t<a href=\"#elementor-action%3Aaction%3Dpopup%3Aopen%26settings%3DeyJpZCI6IjMzMTQxOCIsInRvZ2dsZSI6ZmFsc2V9\">\n\t\t\t\t\t\t\t<img alt=\"\" decoding=\"async\" width=\"768\" height=\"1087\" src=\"https:\/\/www.sunsetworldresorts.com\/newsite\/wp-content\/uploads\/2024\/11\/REVISTA-SW_PORTADA_NO.2.png\" class=\"attachment-full size-full wp-image-331026\" srcset=\"https:\/\/www.sunsetworldresorts.com\/newsite\/wp-content\/uploads\/2024\/11\/REVISTA-SW_PORTADA_NO.2.png 768w, https:\/\/www.sunsetworldresorts.com\/newsite\/wp-content\/uploads\/2024\/11\/REVISTA-SW_PORTADA_NO.2-212x300.png 212w, https:\/\/www.sunsetworldresorts.com\/newsite\/wp-content\/uploads\/2024\/11\/REVISTA-SW_PORTADA_NO.2-723x1024.png 723w, https:\/\/www.sunsetworldresorts.com\/newsite\/wp-content\/uploads\/2024\/11\/REVISTA-SW_PORTADA_NO.2-8x12.png 8w\" sizes=\"(max-width: 768px) 100vw, 768px\" \/>\t\t\t\t\t\t\t\t<\/a>\n\t\t\t\t\t\t\t\t\t\t\t\t\t\t\t<\/div>\n\t\t\t\t<\/div>\n\t\t\t\t<div class=\"elementor-element elementor-element-a7fdb73 elementor-widget elementor-widget-text-editor\" data-id=\"a7fdb73\" data-element_type=\"widget\" data-e-type=\"widget\" data-settings=\"{&quot;ekit_we_effect_on&quot;:&quot;none&quot;}\" data-widget_type=\"text-editor.default\">\n\t\t\t\t<div class=\"elementor-widget-container\">\n\t\t\t\t\t\t\t\t\t<div class=\"wpb_column vc_column_container vc_col-sm-3\"><div class=\"vc_column-inner\"><div class=\"wpb_wrapper\"><div class=\"wpb_text_column wpb_content_element\"><div class=\"wpb_wrapper\"><p>EDICI\u00d3N No.2 | 2023 | CANC\u00daN, M\u00c9X<\/p><\/div><\/div><\/div><\/div><\/div>\t\t\t\t\t\t\t\t<\/div>\n\t\t\t\t<\/div>\n\t\t\t\t<\/div>\n\t\t<div class=\"elementor-element elementor-element-56a2af8 e-con-full e-flex e-con e-child\" data-id=\"56a2af8\" data-element_type=\"container\" data-e-type=\"container\" data-settings=\"{&quot;ekit_has_onepagescroll_dot&quot;:&quot;yes&quot;}\">\n\t\t\t\t<div class=\"elementor-element elementor-element-30aced1 elementor-widget elementor-widget-image\" data-id=\"30aced1\" data-element_type=\"widget\" data-e-type=\"widget\" data-settings=\"{&quot;ekit_we_effect_on&quot;:&quot;none&quot;}\" data-widget_type=\"image.default\">\n\t\t\t\t<div class=\"elementor-widget-container\">\n\t\t\t\t\t\t\t\t\t\t\t\t\t\t\t\t<a href=\"#elementor-action%3Aaction%3Dpopup%3Aopen%26settings%3DeyJpZCI6IjMzMTA2MSIsInRvZ2dsZSI6ZmFsc2V9\">\n\t\t\t\t\t\t\t<img alt=\"\" loading=\"lazy\" decoding=\"async\" width=\"617\" height=\"873\" src=\"https:\/\/www.sunsetworldresorts.com\/newsite\/wp-content\/uploads\/2024\/11\/REVISTA-SUNSETWORLD-EDICION-N3.jpg\" class=\"attachment-full size-full wp-image-331014\" srcset=\"https:\/\/www.sunsetworldresorts.com\/newsite\/wp-content\/uploads\/2024\/11\/REVISTA-SUNSETWORLD-EDICION-N3.jpg 617w, https:\/\/www.sunsetworldresorts.com\/newsite\/wp-content\/uploads\/2024\/11\/REVISTA-SUNSETWORLD-EDICION-N3-212x300.jpg 212w, https:\/\/www.sunsetworldresorts.com\/newsite\/wp-content\/uploads\/2024\/11\/REVISTA-SUNSETWORLD-EDICION-N3-8x12.jpg 8w\" sizes=\"(max-width: 617px) 100vw, 617px\" \/>\t\t\t\t\t\t\t\t<\/a>\n\t\t\t\t\t\t\t\t\t\t\t\t\t\t\t<\/div>\n\t\t\t\t<\/div>\n\t\t\t\t<div class=\"elementor-element elementor-element-06641e9 elementor-widget elementor-widget-text-editor\" data-id=\"06641e9\" data-element_type=\"widget\" data-e-type=\"widget\" data-settings=\"{&quot;ekit_we_effect_on&quot;:&quot;none&quot;}\" data-widget_type=\"text-editor.default\">\n\t\t\t\t<div class=\"elementor-widget-container\">\n\t\t\t\t\t\t\t\t\t<div class=\"wpb_column vc_column_container vc_col-sm-4\"><div class=\"vc_column-inner\"><div class=\"wpb_wrapper\"><div class=\"wpb_text_column wpb_content_element\"><div class=\"wpb_wrapper\"><p>EDICI\u00d3N No.3 | 2024 | CANC\u00daN, M\u00c9X<\/p><\/div><\/div><\/div><\/div><\/div>\t\t\t\t\t\t\t\t<\/div>\n\t\t\t\t<\/div>\n\t\t\t\t<\/div>\n\t\t<div class=\"elementor-element elementor-element-295bb33 e-con-full e-flex e-con e-child\" data-id=\"295bb33\" data-element_type=\"container\" data-e-type=\"container\" data-settings=\"{&quot;ekit_has_onepagescroll_dot&quot;:&quot;yes&quot;}\">\n\t\t\t\t<div class=\"elementor-element elementor-element-c159e9b elementor-widget elementor-widget-image\" data-id=\"c159e9b\" data-element_type=\"widget\" data-e-type=\"widget\" data-settings=\"{&quot;ekit_we_effect_on&quot;:&quot;none&quot;}\" data-widget_type=\"image.default\">\n\t\t\t\t<div class=\"elementor-widget-container\">\n\t\t\t\t\t\t\t\t\t\t\t\t\t\t\t\t<a href=\"#elementor-action%3Aaction%3Dpopup%3Aopen%26settings%3DeyJpZCI6IjMzNjQ5OCIsInRvZ2dsZSI6ZmFsc2V9\">\n\t\t\t\t\t\t\t<img alt=\"\" loading=\"lazy\" decoding=\"async\" width=\"1811\" height=\"2560\" src=\"https:\/\/www.sunsetworldresorts.com\/newsite\/wp-content\/uploads\/2025\/03\/2409_0741_0_SW_MYC_REVISTA-SUNSET-WORLD-EDICION-NO.-4_BIL-1_page-0001-scaled.jpg\" class=\"attachment-full size-full wp-image-336496\" srcset=\"https:\/\/www.sunsetworldresorts.com\/newsite\/wp-content\/uploads\/2025\/03\/2409_0741_0_SW_MYC_REVISTA-SUNSET-WORLD-EDICION-NO.-4_BIL-1_page-0001-scaled.jpg 1811w, https:\/\/www.sunsetworldresorts.com\/newsite\/wp-content\/uploads\/2025\/03\/2409_0741_0_SW_MYC_REVISTA-SUNSET-WORLD-EDICION-NO.-4_BIL-1_page-0001-212x300.jpg 212w, https:\/\/www.sunsetworldresorts.com\/newsite\/wp-content\/uploads\/2025\/03\/2409_0741_0_SW_MYC_REVISTA-SUNSET-WORLD-EDICION-NO.-4_BIL-1_page-0001-724x1024.jpg 724w, https:\/\/www.sunsetworldresorts.com\/newsite\/wp-content\/uploads\/2025\/03\/2409_0741_0_SW_MYC_REVISTA-SUNSET-WORLD-EDICION-NO.-4_BIL-1_page-0001-768x1086.jpg 768w, https:\/\/www.sunsetworldresorts.com\/newsite\/wp-content\/uploads\/2025\/03\/2409_0741_0_SW_MYC_REVISTA-SUNSET-WORLD-EDICION-NO.-4_BIL-1_page-0001-1086x1536.jpg 1086w, https:\/\/www.sunsetworldresorts.com\/newsite\/wp-content\/uploads\/2025\/03\/2409_0741_0_SW_MYC_REVISTA-SUNSET-WORLD-EDICION-NO.-4_BIL-1_page-0001-1448x2048.jpg 1448w, https:\/\/www.sunsetworldresorts.com\/newsite\/wp-content\/uploads\/2025\/03\/2409_0741_0_SW_MYC_REVISTA-SUNSET-WORLD-EDICION-NO.-4_BIL-1_page-0001-8x12.jpg 8w\" sizes=\"(max-width: 1811px) 100vw, 1811px\" \/>\t\t\t\t\t\t\t\t<\/a>\n\t\t\t\t\t\t\t\t\t\t\t\t\t\t\t<\/div>\n\t\t\t\t<\/div>\n\t\t\t\t<div class=\"elementor-element elementor-element-a4cccfe elementor-widget elementor-widget-text-editor\" data-id=\"a4cccfe\" data-element_type=\"widget\" data-e-type=\"widget\" data-settings=\"{&quot;ekit_we_effect_on&quot;:&quot;none&quot;}\" data-widget_type=\"text-editor.default\">\n\t\t\t\t<div class=\"elementor-widget-container\">\n\t\t\t\t\t\t\t\t\t<div class=\"wpb_column vc_column_container vc_col-sm-4\"><div class=\"vc_column-inner\"><div class=\"wpb_wrapper\"><div class=\"wpb_text_column wpb_content_element\"><div class=\"wpb_wrapper\"><p>EDICI\u00d3N No.4 | 2025 | CANC\u00daN, M\u00c9X<\/p><\/div><\/div><\/div><\/div><\/div>\t\t\t\t\t\t\t\t<\/div>\n\t\t\t\t<\/div>\n\t\t\t\t<\/div>\n\t\t\t\t<\/div>\n\t\t\t\t<\/div>","protected":false},"excerpt":{"rendered":"<p>Sunset World Magazine Also gives you an up-close look at our beautiful destination, its best attractions and the latest news. We hope you enjoy it. EDITION No.5 | 2026 | CANC\u00daN, M\u00c9X EDITION No.1 | 2022 | CANC\u00daN, M\u00c9X EDITION No.2 | 2023 | CANC\u00daN, M\u00c9X EDITION No.3 | 2024 | CANC\u00daN, M\u00c9X EDITION No.4 [&hellip;]<\/p>","protected":false},"author":1,"featured_media":0,"parent":0,"menu_order":0,"comment_status":"closed","ping_status":"closed","template":"elementor_header_footer","meta":{"_seopress_robots_primary_cat":"","_seopress_titles_title":"","_seopress_titles_desc":"","_seopress_robots_index":"","footnotes":""},"class_list":["post-331000","page","type-page","status-publish","hentry"],"_links":{"self":[{"href":"https:\/\/www.sunsetworldresorts.com\/es\/wp-json\/wp\/v2\/pages\/331000","targetHints":{"allow":["GET"]}}],"collection":[{"href":"https:\/\/www.sunsetworldresorts.com\/es\/wp-json\/wp\/v2\/pages"}],"about":[{"href":"https:\/\/www.sunsetworldresorts.com\/es\/wp-json\/wp\/v2\/types\/page"}],"author":[{"embeddable":true,"href":"https:\/\/www.sunsetworldresorts.com\/es\/wp-json\/wp\/v2\/users\/1"}],"replies":[{"embeddable":true,"href":"https:\/\/www.sunsetworldresorts.com\/es\/wp-json\/wp\/v2\/comments?post=331000"}],"version-history":[{"count":112,"href":"https:\/\/www.sunsetworldresorts.com\/es\/wp-json\/wp\/v2\/pages\/331000\/revisions"}],"predecessor-version":[{"id":340619,"href":"https:\/\/www.sunsetworldresorts.com\/es\/wp-json\/wp\/v2\/pages\/331000\/revisions\/340619"}],"wp:attachment":[{"href":"https:\/\/www.sunsetworldresorts.com\/es\/wp-json\/wp\/v2\/media?parent=331000"}],"curies":[{"name":"wp","href":"https:\/\/api.w.org\/{rel}","templated":true}]}}