{"id":329117,"date":"2024-10-28T19:24:49","date_gmt":"2024-10-28T19:24:49","guid":{"rendered":"https:\/\/www.sunsetworldresorts.com\/newsite\/?page_id=329117"},"modified":"2024-10-28T19:53:51","modified_gmt":"2024-10-28T19:53:51","slug":"blue-heart-award","status":"publish","type":"page","link":"https:\/\/www.sunsetworldresorts.com\/es\/blue-heart-award\/","title":{"rendered":"Premio Coraz\u00f3n Azul"},"content":{"rendered":"<div data-elementor-type=\"wp-page\" data-elementor-id=\"329117\" class=\"elementor elementor-329117\" data-elementor-post-type=\"page\">\n\t\t\t\t<div class=\"elementor-element elementor-element-7ec4174 e-flex e-con-boxed e-con e-parent\" data-id=\"7ec4174\" data-element_type=\"container\" data-e-type=\"container\" data-settings=\"{&quot;background_background&quot;:&quot;classic&quot;,&quot;ekit_has_onepagescroll_dot&quot;:&quot;yes&quot;}\">\n\t\t\t\t\t<div class=\"e-con-inner\">\n\t\t\t\t<div class=\"elementor-element elementor-element-b21673e elementor-widget elementor-widget-heading\" data-id=\"b21673e\" data-element_type=\"widget\" data-e-type=\"widget\" data-settings=\"{&quot;ekit_we_effect_on&quot;:&quot;none&quot;}\" data-widget_type=\"heading.default\">\n\t\t\t\t<div class=\"elementor-widget-container\">\n\t\t\t\t\t<h2 class=\"elementor-heading-title elementor-size-default\">cultura sunset wolrd<\/h2>\t\t\t\t<\/div>\n\t\t\t\t<\/div>\n\t\t\t\t\t<\/div>\n\t\t\t\t<\/div>\n\t\t<div class=\"elementor-element elementor-element-bfbcd23 e-con-full e-flex e-con e-parent\" data-id=\"bfbcd23\" data-element_type=\"container\" data-e-type=\"container\" data-settings=\"{&quot;ekit_has_onepagescroll_dot&quot;:&quot;yes&quot;}\">\n\t\t\t\t<div class=\"elementor-element elementor-element-40d663d e-n-menu-none e-full_width e-n-menu-layout-horizontal elementor-widget elementor-widget-n-menu\" data-id=\"40d663d\" data-element_type=\"widget\" data-e-type=\"widget\" data-settings=\"{&quot;menu_items&quot;:[{&quot;item_title&quot;:&quot;The code&quot;,&quot;_id&quot;:&quot;86b0f51&quot;,&quot;item_link&quot;:{&quot;url&quot;:&quot;https:\\\/\\\/www.sunsetworldresorts.com\\\/newsite\\\/national-code-of-conduct\\\/&quot;,&quot;is_external&quot;:&quot;&quot;,&quot;nofollow&quot;:&quot;&quot;,&quot;custom_attributes&quot;:&quot;&quot;},&quot;item_dropdown_content&quot;:&quot;no&quot;,&quot;item_icon&quot;:{&quot;value&quot;:&quot;&quot;,&quot;library&quot;:&quot;&quot;},&quot;item_icon_active&quot;:null,&quot;element_id&quot;:&quot;&quot;},{&quot;item_title&quot;:&quot;Blue Heart Award&quot;,&quot;_id&quot;:&quot;059b460&quot;,&quot;item_link&quot;:{&quot;url&quot;:&quot;https:\\\/\\\/www.sunsetworldresorts.com\\\/newsite\\\/blue-heart-award\\\/&quot;,&quot;is_external&quot;:&quot;&quot;,&quot;nofollow&quot;:&quot;&quot;,&quot;custom_attributes&quot;:&quot;&quot;},&quot;item_dropdown_content&quot;:&quot;no&quot;,&quot;item_icon&quot;:{&quot;value&quot;:&quot;&quot;,&quot;library&quot;:&quot;&quot;},&quot;item_icon_active&quot;:null,&quot;element_id&quot;:&quot;&quot;},{&quot;item_title&quot;:&quot;Sunset World Safe STAY \\u2122&quot;,&quot;_id&quot;:&quot;6e9e085&quot;,&quot;item_link&quot;:{&quot;url&quot;:&quot;https:\\\/\\\/www.sunsetworldresorts.com\\\/newsite\\\/safe-stay\\\/&quot;,&quot;is_external&quot;:&quot;&quot;,&quot;nofollow&quot;:&quot;&quot;,&quot;custom_attributes&quot;:&quot;&quot;},&quot;item_dropdown_content&quot;:&quot;no&quot;,&quot;item_icon&quot;:{&quot;value&quot;:&quot;&quot;,&quot;library&quot;:&quot;&quot;},&quot;item_icon_active&quot;:null,&quot;element_id&quot;:&quot;&quot;}],&quot;item_position_horizontal&quot;:&quot;center&quot;,&quot;breakpoint_selector&quot;:&quot;none&quot;,&quot;content_width&quot;:&quot;full_width&quot;,&quot;item_layout&quot;:&quot;horizontal&quot;,&quot;open_on&quot;:&quot;hover&quot;,&quot;horizontal_scroll&quot;:&quot;disable&quot;,&quot;menu_item_title_distance_from_content&quot;:{&quot;unit&quot;:&quot;px&quot;,&quot;size&quot;:0,&quot;sizes&quot;:[]},&quot;menu_item_title_distance_from_content_tablet&quot;:{&quot;unit&quot;:&quot;px&quot;,&quot;size&quot;:&quot;&quot;,&quot;sizes&quot;:[]},&quot;menu_item_title_distance_from_content_mobile&quot;:{&quot;unit&quot;:&quot;px&quot;,&quot;size&quot;:&quot;&quot;,&quot;sizes&quot;:[]},&quot;ekit_we_effect_on&quot;:&quot;none&quot;}\" data-widget_type=\"mega-menu.default\">\n\t\t\t\t<div class=\"elementor-widget-container\">\n\t\t\t\t\t\t\t<nav class=\"e-n-menu\" data-widget-number=\"679\" aria-label=\"Men\u00fa\">\n\t\t\t\t\t<button class=\"e-n-menu-toggle\" id=\"menu-toggle-679\" aria-haspopup=\"true\" aria-expanded=\"false\" aria-controls=\"menubar-679\" aria-label=\"Menu Toggle\" data-no-translation-aria-label=\"\">\n\t\t\t<span class=\"e-n-menu-toggle-icon e-open\">\n\t\t\t\t<svg class=\"e-font-icon-svg e-eicon-menu-bar\" viewbox=\"0 0 1000 1000\" xmlns=\"http:\/\/www.w3.org\/2000\/svg\"><path d=\"M104 333H896C929 333 958 304 958 271S929 208 896 208H104C71 208 42 237 42 271S71 333 104 333ZM104 583H896C929 583 958 554 958 521S929 458 896 458H104C71 458 42 487 42 521S71 583 104 583ZM104 833H896C929 833 958 804 958 771S929 708 896 708H104C71 708 42 737 42 771S71 833 104 833Z\"><\/path><\/svg>\t\t\t<\/span>\n\t\t\t<span class=\"e-n-menu-toggle-icon e-close\">\n\t\t\t\t<svg class=\"e-font-icon-svg e-eicon-close\" viewbox=\"0 0 1000 1000\" xmlns=\"http:\/\/www.w3.org\/2000\/svg\"><path d=\"M742 167L500 408 258 167C246 154 233 150 217 150 196 150 179 158 167 167 154 179 150 196 150 212 150 229 154 242 171 254L408 500 167 742C138 771 138 800 167 829 196 858 225 858 254 829L496 587 738 829C750 842 767 846 783 846 800 846 817 842 829 829 842 817 846 804 846 783 846 767 842 750 829 737L588 500 833 258C863 229 863 200 833 171 804 137 775 137 742 167Z\"><\/path><\/svg>\t\t\t<\/span>\n\t\t<\/button>\n\t\t\t\t\t<div class=\"e-n-menu-wrapper\" id=\"menubar-679\" aria-labelledby=\"menu-toggle-679\">\n\t\t\t\t<ul class=\"e-n-menu-heading\">\n\t\t\t\t\t\t\t\t<li class=\"e-n-menu-item\">\n\t\t\t\t<div id=\"e-n-menu-title-6791\" class=\"e-n-menu-title\">\n\t\t\t\t\t<a class=\"e-n-menu-title-container e-focus e-link\" href=\"https:\/\/www.sunsetworldresorts.com\/es\/newsite\/national-code-of-conduct\/\">\t\t\t\t\t\t\t\t\t\t\t\t<span class=\"e-n-menu-title-text\">\n\t\t\t\t\t\t\tC\u00f3digo de Conducta Nacional\t\t\t\t\t\t<\/span>\n\t\t\t\t\t<\/a>\t\t\t\t\t\t\t\t\t<\/div>\n\t\t\t\t\t\t\t<\/li>\n\t\t\t\t\t<li class=\"e-n-menu-item\">\n\t\t\t\t<div id=\"e-n-menu-title-6792\" class=\"e-n-menu-title\">\n\t\t\t\t\t<a class=\"e-n-menu-title-container e-focus e-link\" href=\"https:\/\/www.sunsetworldresorts.com\/es\/newsite\/blue-heart-award\/\">\t\t\t\t\t\t\t\t\t\t\t\t<span class=\"e-n-menu-title-text\">\n\t\t\t\t\t\t\tPremio Coraz\u00f3n Azul\t\t\t\t\t\t<\/span>\n\t\t\t\t\t<\/a>\t\t\t\t\t\t\t\t\t<\/div>\n\t\t\t\t\t\t\t<\/li>\n\t\t\t\t\t<li class=\"e-n-menu-item\">\n\t\t\t\t<div id=\"e-n-menu-title-6793\" class=\"e-n-menu-title\">\n\t\t\t\t\t<a class=\"e-n-menu-title-container e-focus e-link\" href=\"https:\/\/www.sunsetworldresorts.com\/es\/newsite\/safe-stay\/\">\t\t\t\t\t\t\t\t\t\t\t\t<span class=\"e-n-menu-title-text\">\n\t\t\t\t\t\t\tSunset World ESTANCIA SEGURA \u2122\t\t\t\t\t\t<\/span>\n\t\t\t\t\t<\/a>\t\t\t\t\t\t\t\t\t<\/div>\n\t\t\t\t\t\t\t<\/li>\n\t\t\t\t\t\t<\/ul>\n\t\t\t<\/div>\n\t\t<\/nav>\n\t\t\t\t\t\t<\/div>\n\t\t\t\t<\/div>\n\t\t\t\t<\/div>\n\t\t<div class=\"elementor-element elementor-element-5fa19e8 e-con-full e-flex e-con e-parent\" data-id=\"5fa19e8\" data-element_type=\"container\" data-e-type=\"container\" data-settings=\"{&quot;ekit_has_onepagescroll_dot&quot;:&quot;yes&quot;}\">\n\t\t<div class=\"elementor-element elementor-element-16a88f2 e-con-full e-flex e-con e-child\" data-id=\"16a88f2\" data-element_type=\"container\" data-e-type=\"container\" data-settings=\"{&quot;ekit_has_onepagescroll_dot&quot;:&quot;yes&quot;}\">\n\t\t\t\t<div class=\"elementor-element elementor-element-9f428fa elementor-widget elementor-widget-image\" data-id=\"9f428fa\" data-element_type=\"widget\" data-e-type=\"widget\" data-settings=\"{&quot;ekit_we_effect_on&quot;:&quot;none&quot;}\" data-widget_type=\"image.default\">\n\t\t\t\t<div class=\"elementor-widget-container\">\n\t\t\t\t\t\t\t\t\t\t\t\t\t\t\t<img alt=\"\" fetchpriority=\"high\" decoding=\"async\" width=\"300\" height=\"185\" src=\"https:\/\/www.sunsetworldresorts.com\/newsite\/wp-content\/uploads\/2024\/10\/Logo-CorazonAzul.jpg\" class=\"attachment-full size-full wp-image-329120\" srcset=\"https:\/\/www.sunsetworldresorts.com\/newsite\/wp-content\/uploads\/2024\/10\/Logo-CorazonAzul.jpg 300w, https:\/\/www.sunsetworldresorts.com\/newsite\/wp-content\/uploads\/2024\/10\/Logo-CorazonAzul-18x12.jpg 18w\" sizes=\"(max-width: 300px) 100vw, 300px\" \/>\t\t\t\t\t\t\t\t\t\t\t\t\t\t\t<\/div>\n\t\t\t\t<\/div>\n\t\t\t\t<\/div>\n\t\t<div class=\"elementor-element elementor-element-b581167 e-con-full e-flex e-con e-child\" data-id=\"b581167\" data-element_type=\"container\" data-e-type=\"container\" data-settings=\"{&quot;ekit_has_onepagescroll_dot&quot;:&quot;yes&quot;}\">\n\t\t\t\t<div class=\"elementor-element elementor-element-4cf8e0c elementor-widget elementor-widget-heading\" data-id=\"4cf8e0c\" data-element_type=\"widget\" data-e-type=\"widget\" data-settings=\"{&quot;ekit_we_effect_on&quot;:&quot;none&quot;}\" data-widget_type=\"heading.default\">\n\t\t\t\t<div class=\"elementor-widget-container\">\n\t\t\t\t\t<h2 class=\"elementor-heading-title elementor-size-default translation-block\">Sunset World se une a la campa\u00f1a \u201cCoraz\u00f3n Azul\u201d, un movimiento que busca crear consciencia respecto al delito de la trata de personas y su impacto en la sociedad.<\/h2>\t\t\t\t<\/div>\n\t\t\t\t<\/div>\n\t\t\t\t<div class=\"elementor-element elementor-element-aed4eea elementor-widget elementor-widget-text-editor\" data-id=\"aed4eea\" data-element_type=\"widget\" data-e-type=\"widget\" data-settings=\"{&quot;ekit_we_effect_on&quot;:&quot;none&quot;}\" data-widget_type=\"text-editor.default\">\n\t\t\t\t<div class=\"elementor-widget-container\">\n\t\t\t\t\t\t\t\t\t<p>Grupo Sunset World recibi\u00f3 el Distintivo Coraz\u00f3n Azul por parte del DIF Benito Ju\u00e1rez Como Empresa Capacitada en Acciones para la Prevenci\u00f3n de la Trata de Personas.<\/p>\t\t\t\t\t\t\t\t<\/div>\n\t\t\t\t<\/div>\n\t\t\t\t<\/div>\n\t\t\t\t<\/div>\n\t\t<div class=\"elementor-element elementor-element-015b245 e-con-full e-flex e-con e-parent\" data-id=\"015b245\" data-element_type=\"container\" data-e-type=\"container\" data-settings=\"{&quot;ekit_has_onepagescroll_dot&quot;:&quot;yes&quot;}\">\n\t\t\t\t<div class=\"elementor-element elementor-element-376ee8a elementor-widget-divider--view-line elementor-widget elementor-widget-divider\" data-id=\"376ee8a\" data-element_type=\"widget\" data-e-type=\"widget\" data-settings=\"{&quot;ekit_we_effect_on&quot;:&quot;none&quot;}\" data-widget_type=\"divider.default\">\n\t\t\t\t<div class=\"elementor-widget-container\">\n\t\t\t\t\t\t\t<div class=\"elementor-divider\">\n\t\t\t<span class=\"elementor-divider-separator\">\n\t\t\t\t\t\t<\/span>\n\t\t<\/div>\n\t\t\t\t\t\t<\/div>\n\t\t\t\t<\/div>\n\t\t\t\t<\/div>\n\t\t<div class=\"elementor-element elementor-element-35b88ed e-con-full e-flex e-con e-parent\" data-id=\"35b88ed\" data-element_type=\"container\" data-e-type=\"container\" data-settings=\"{&quot;ekit_has_onepagescroll_dot&quot;:&quot;yes&quot;}\">\n\t\t<div class=\"elementor-element elementor-element-dbe35bb e-con-full e-flex e-con e-child\" data-id=\"dbe35bb\" data-element_type=\"container\" data-e-type=\"container\" data-settings=\"{&quot;ekit_has_onepagescroll_dot&quot;:&quot;yes&quot;}\">\n\t\t\t\t<div class=\"elementor-element elementor-element-d9158a6 elementor-widget elementor-widget-image\" data-id=\"d9158a6\" data-element_type=\"widget\" data-e-type=\"widget\" data-settings=\"{&quot;ekit_we_effect_on&quot;:&quot;none&quot;}\" data-widget_type=\"image.default\">\n\t\t\t\t<div class=\"elementor-widget-container\">\n\t\t\t\t\t\t\t\t\t\t\t\t\t\t\t<img alt=\"\" decoding=\"async\" width=\"410\" height=\"500\" src=\"https:\/\/www.sunsetworldresorts.com\/newsite\/wp-content\/uploads\/2024\/10\/premios_corazon-azul.jpg\" class=\"attachment-full size-full wp-image-329127\" srcset=\"https:\/\/www.sunsetworldresorts.com\/newsite\/wp-content\/uploads\/2024\/10\/premios_corazon-azul.jpg 410w, https:\/\/www.sunsetworldresorts.com\/newsite\/wp-content\/uploads\/2024\/10\/premios_corazon-azul-246x300.jpg 246w, https:\/\/www.sunsetworldresorts.com\/newsite\/wp-content\/uploads\/2024\/10\/premios_corazon-azul-10x12.jpg 10w\" sizes=\"(max-width: 410px) 100vw, 410px\" \/>\t\t\t\t\t\t\t\t\t\t\t\t\t\t\t<\/div>\n\t\t\t\t<\/div>\n\t\t\t\t<\/div>\n\t\t<div class=\"elementor-element elementor-element-b0391b6 e-con-full e-flex e-con e-child\" data-id=\"b0391b6\" data-element_type=\"container\" data-e-type=\"container\" data-settings=\"{&quot;ekit_has_onepagescroll_dot&quot;:&quot;yes&quot;}\">\n\t\t\t\t<div class=\"elementor-element elementor-element-fac0632 elementor-widget elementor-widget-text-editor\" data-id=\"fac0632\" data-element_type=\"widget\" data-e-type=\"widget\" data-settings=\"{&quot;ekit_we_effect_on&quot;:&quot;none&quot;}\" data-widget_type=\"text-editor.default\">\n\t\t\t\t<div class=\"elementor-widget-container\">\n\t\t\t\t\t\t\t\t\t<p>Para recibir el distintivo, 950 colaboradores de Grupo Sunset World fueron capacitados en la campa\u00f1a Coraz\u00f3n Azul M\u00e9xico para ayudar a prevenir este delito dando voz a las v\u00edctimas de trata de personas, generando conciencia entre la poblaci\u00f3n.<\/p><p>Esto ayuda a las personas a comprender c\u00f3mo pueden ser part\u00edcipes de la trata de seres humanos incluso sin saberlo. Esto incluye proporcionar informaci\u00f3n concreta sobre el delito y capacitar a la sociedad para apoyar su prevenci\u00f3n, detecci\u00f3n y lucha.<br \/><br \/><\/p><p><strong><span style=\"text-decoration: underline; color: #876530;\"><a style=\"color: #876530; text-decoration: underline;\" href=\"http:\/\/corazon-azul.org\/\" target=\"_blank\" rel=\"noopener\">Para m\u00e1s informaci\u00f3n, visite el sitio oficial.<\/a><\/span><\/strong><\/p>\t\t\t\t\t\t\t\t<\/div>\n\t\t\t\t<\/div>\n\t\t\t\t<\/div>\n\t\t\t\t<\/div>\n\t\t\t\t<\/div>","protected":false},"excerpt":{"rendered":"<p>sunset wolrd culture The code Blue Heart Award Sunset World Safe STAY \u2122 You Can Save a Life The first step to prevent human trafficking is to inform ourselves. Sunset World joins the\u201cBlue Heart\u201d campaign, a movement that seeks to raise awareness regarding the crime of human trafficking and its impact on society. Sunset World [&hellip;]<\/p>","protected":false},"author":1,"featured_media":0,"parent":0,"menu_order":0,"comment_status":"closed","ping_status":"closed","template":"elementor_header_footer","meta":{"_seopress_robots_primary_cat":"","_seopress_titles_title":"","_seopress_titles_desc":"","_seopress_robots_index":"","footnotes":""},"class_list":["post-329117","page","type-page","status-publish","hentry"],"_links":{"self":[{"href":"https:\/\/www.sunsetworldresorts.com\/es\/wp-json\/wp\/v2\/pages\/329117","targetHints":{"allow":["GET"]}}],"collection":[{"href":"https:\/\/www.sunsetworldresorts.com\/es\/wp-json\/wp\/v2\/pages"}],"about":[{"href":"https:\/\/www.sunsetworldresorts.com\/es\/wp-json\/wp\/v2\/types\/page"}],"author":[{"embeddable":true,"href":"https:\/\/www.sunsetworldresorts.com\/es\/wp-json\/wp\/v2\/users\/1"}],"replies":[{"embeddable":true,"href":"https:\/\/www.sunsetworldresorts.com\/es\/wp-json\/wp\/v2\/comments?post=329117"}],"version-history":[{"count":19,"href":"https:\/\/www.sunsetworldresorts.com\/es\/wp-json\/wp\/v2\/pages\/329117\/revisions"}],"predecessor-version":[{"id":329146,"href":"https:\/\/www.sunsetworldresorts.com\/es\/wp-json\/wp\/v2\/pages\/329117\/revisions\/329146"}],"wp:attachment":[{"href":"https:\/\/www.sunsetworldresorts.com\/es\/wp-json\/wp\/v2\/media?parent=329117"}],"curies":[{"name":"wp","href":"https:\/\/api.w.org\/{rel}","templated":true}]}}