{"id":329071,"date":"2024-10-28T18:15:43","date_gmt":"2024-10-28T18:15:43","guid":{"rendered":"https:\/\/www.sunsetworldresorts.com\/newsite\/?page_id=329071"},"modified":"2024-11-01T15:16:15","modified_gmt":"2024-11-01T15:16:15","slug":"national-code-of-conduct","status":"publish","type":"page","link":"https:\/\/www.sunsetworldresorts.com\/es\/national-code-of-conduct\/","title":{"rendered":"C\u00f3digo de Conducta Nacional"},"content":{"rendered":"<div data-elementor-type=\"wp-page\" data-elementor-id=\"329071\" class=\"elementor elementor-329071\" data-elementor-post-type=\"page\">\n\t\t\t\t<div class=\"elementor-element elementor-element-55e5b32 e-flex e-con-boxed e-con e-parent\" data-id=\"55e5b32\" data-element_type=\"container\" data-e-type=\"container\" data-settings=\"{&quot;background_background&quot;:&quot;classic&quot;,&quot;ekit_has_onepagescroll_dot&quot;:&quot;yes&quot;}\">\n\t\t\t\t\t<div class=\"e-con-inner\">\n\t\t\t\t<div class=\"elementor-element elementor-element-cc62732 elementor-widget elementor-widget-heading\" data-id=\"cc62732\" data-element_type=\"widget\" data-e-type=\"widget\" data-settings=\"{&quot;ekit_we_effect_on&quot;:&quot;none&quot;}\" data-widget_type=\"heading.default\">\n\t\t\t\t<div class=\"elementor-widget-container\">\n\t\t\t\t\t<h2 class=\"elementor-heading-title elementor-size-default\">cultura sunset wolrd<\/h2>\t\t\t\t<\/div>\n\t\t\t\t<\/div>\n\t\t\t\t\t<\/div>\n\t\t\t\t<\/div>\n\t\t<div class=\"elementor-element elementor-element-830465f e-con-full e-flex e-con e-parent\" data-id=\"830465f\" data-element_type=\"container\" data-e-type=\"container\" data-settings=\"{&quot;ekit_has_onepagescroll_dot&quot;:&quot;yes&quot;}\">\n\t\t\t\t<div class=\"elementor-element elementor-element-7f361c9 e-n-menu-none e-full_width e-n-menu-layout-horizontal elementor-widget elementor-widget-n-menu\" data-id=\"7f361c9\" data-element_type=\"widget\" data-e-type=\"widget\" data-settings=\"{&quot;menu_items&quot;:[{&quot;item_title&quot;:&quot;The code&quot;,&quot;_id&quot;:&quot;86b0f51&quot;,&quot;item_link&quot;:{&quot;url&quot;:&quot;https:\\\/\\\/www.sunsetworldresorts.com\\\/newsite\\\/national-code-of-conduct\\\/&quot;,&quot;is_external&quot;:&quot;&quot;,&quot;nofollow&quot;:&quot;&quot;,&quot;custom_attributes&quot;:&quot;&quot;},&quot;item_dropdown_content&quot;:&quot;no&quot;,&quot;item_icon&quot;:{&quot;value&quot;:&quot;&quot;,&quot;library&quot;:&quot;&quot;},&quot;item_icon_active&quot;:null,&quot;element_id&quot;:&quot;&quot;},{&quot;item_title&quot;:&quot;Blue Heart Award&quot;,&quot;_id&quot;:&quot;059b460&quot;,&quot;item_link&quot;:{&quot;url&quot;:&quot;https:\\\/\\\/www.sunsetworldresorts.com\\\/newsite\\\/blue-heart-award\\\/&quot;,&quot;is_external&quot;:&quot;&quot;,&quot;nofollow&quot;:&quot;&quot;,&quot;custom_attributes&quot;:&quot;&quot;},&quot;item_dropdown_content&quot;:&quot;no&quot;,&quot;item_icon&quot;:{&quot;value&quot;:&quot;&quot;,&quot;library&quot;:&quot;&quot;},&quot;item_icon_active&quot;:null,&quot;element_id&quot;:&quot;&quot;},{&quot;item_title&quot;:&quot;Sunset World Safe STAY \\u2122&quot;,&quot;_id&quot;:&quot;6e9e085&quot;,&quot;item_link&quot;:{&quot;url&quot;:&quot;https:\\\/\\\/www.sunsetworldresorts.com\\\/newsite\\\/safe-stay\\\/&quot;,&quot;is_external&quot;:&quot;&quot;,&quot;nofollow&quot;:&quot;&quot;,&quot;custom_attributes&quot;:&quot;&quot;},&quot;item_dropdown_content&quot;:&quot;no&quot;,&quot;item_icon&quot;:{&quot;value&quot;:&quot;&quot;,&quot;library&quot;:&quot;&quot;},&quot;item_icon_active&quot;:null,&quot;element_id&quot;:&quot;&quot;}],&quot;item_position_horizontal&quot;:&quot;center&quot;,&quot;breakpoint_selector&quot;:&quot;none&quot;,&quot;content_width&quot;:&quot;full_width&quot;,&quot;item_layout&quot;:&quot;horizontal&quot;,&quot;open_on&quot;:&quot;hover&quot;,&quot;horizontal_scroll&quot;:&quot;disable&quot;,&quot;menu_item_title_distance_from_content&quot;:{&quot;unit&quot;:&quot;px&quot;,&quot;size&quot;:0,&quot;sizes&quot;:[]},&quot;menu_item_title_distance_from_content_tablet&quot;:{&quot;unit&quot;:&quot;px&quot;,&quot;size&quot;:&quot;&quot;,&quot;sizes&quot;:[]},&quot;menu_item_title_distance_from_content_mobile&quot;:{&quot;unit&quot;:&quot;px&quot;,&quot;size&quot;:&quot;&quot;,&quot;sizes&quot;:[]},&quot;ekit_we_effect_on&quot;:&quot;none&quot;}\" data-widget_type=\"mega-menu.default\">\n\t\t\t\t<div class=\"elementor-widget-container\">\n\t\t\t\t\t\t\t<nav class=\"e-n-menu\" data-widget-number=\"133\" aria-label=\"Men\u00fa\">\n\t\t\t\t\t<button class=\"e-n-menu-toggle\" id=\"menu-toggle-133\" aria-haspopup=\"true\" aria-expanded=\"false\" aria-controls=\"menubar-133\" aria-label=\"Menu Toggle\" data-no-translation-aria-label=\"\">\n\t\t\t<span class=\"e-n-menu-toggle-icon e-open\">\n\t\t\t\t<svg class=\"e-font-icon-svg e-eicon-menu-bar\" viewbox=\"0 0 1000 1000\" xmlns=\"http:\/\/www.w3.org\/2000\/svg\"><path d=\"M104 333H896C929 333 958 304 958 271S929 208 896 208H104C71 208 42 237 42 271S71 333 104 333ZM104 583H896C929 583 958 554 958 521S929 458 896 458H104C71 458 42 487 42 521S71 583 104 583ZM104 833H896C929 833 958 804 958 771S929 708 896 708H104C71 708 42 737 42 771S71 833 104 833Z\"><\/path><\/svg>\t\t\t<\/span>\n\t\t\t<span class=\"e-n-menu-toggle-icon e-close\">\n\t\t\t\t<svg class=\"e-font-icon-svg e-eicon-close\" viewbox=\"0 0 1000 1000\" xmlns=\"http:\/\/www.w3.org\/2000\/svg\"><path d=\"M742 167L500 408 258 167C246 154 233 150 217 150 196 150 179 158 167 167 154 179 150 196 150 212 150 229 154 242 171 254L408 500 167 742C138 771 138 800 167 829 196 858 225 858 254 829L496 587 738 829C750 842 767 846 783 846 800 846 817 842 829 829 842 817 846 804 846 783 846 767 842 750 829 737L588 500 833 258C863 229 863 200 833 171 804 137 775 137 742 167Z\"><\/path><\/svg>\t\t\t<\/span>\n\t\t<\/button>\n\t\t\t\t\t<div class=\"e-n-menu-wrapper\" id=\"menubar-133\" aria-labelledby=\"menu-toggle-133\">\n\t\t\t\t<ul class=\"e-n-menu-heading\">\n\t\t\t\t\t\t\t\t<li class=\"e-n-menu-item\">\n\t\t\t\t<div id=\"e-n-menu-title-1331\" class=\"e-n-menu-title\">\n\t\t\t\t\t<a class=\"e-n-menu-title-container e-focus e-link\" href=\"https:\/\/www.sunsetworldresorts.com\/es\/newsite\/national-code-of-conduct\/\">\t\t\t\t\t\t\t\t\t\t\t\t<span class=\"e-n-menu-title-text\">\n\t\t\t\t\t\t\tC\u00f3digo de Conducta Nacional\t\t\t\t\t\t<\/span>\n\t\t\t\t\t<\/a>\t\t\t\t\t\t\t\t\t<\/div>\n\t\t\t\t\t\t\t<\/li>\n\t\t\t\t\t<li class=\"e-n-menu-item\">\n\t\t\t\t<div id=\"e-n-menu-title-1332\" class=\"e-n-menu-title\">\n\t\t\t\t\t<a class=\"e-n-menu-title-container e-focus e-link\" href=\"https:\/\/www.sunsetworldresorts.com\/es\/newsite\/blue-heart-award\/\">\t\t\t\t\t\t\t\t\t\t\t\t<span class=\"e-n-menu-title-text\">\n\t\t\t\t\t\t\tPremio Coraz\u00f3n Azul\t\t\t\t\t\t<\/span>\n\t\t\t\t\t<\/a>\t\t\t\t\t\t\t\t\t<\/div>\n\t\t\t\t\t\t\t<\/li>\n\t\t\t\t\t<li class=\"e-n-menu-item\">\n\t\t\t\t<div id=\"e-n-menu-title-1333\" class=\"e-n-menu-title\">\n\t\t\t\t\t<a class=\"e-n-menu-title-container e-focus e-link\" href=\"https:\/\/www.sunsetworldresorts.com\/es\/newsite\/safe-stay\/\">\t\t\t\t\t\t\t\t\t\t\t\t<span class=\"e-n-menu-title-text\">\n\t\t\t\t\t\t\tSunset World ESTANCIA SEGURA \u2122\t\t\t\t\t\t<\/span>\n\t\t\t\t\t<\/a>\t\t\t\t\t\t\t\t\t<\/div>\n\t\t\t\t\t\t\t<\/li>\n\t\t\t\t\t\t<\/ul>\n\t\t\t<\/div>\n\t\t<\/nav>\n\t\t\t\t\t\t<\/div>\n\t\t\t\t<\/div>\n\t\t\t\t<\/div>\n\t\t<div class=\"elementor-element elementor-element-e2b5c76 e-con-full e-flex e-con e-parent\" data-id=\"e2b5c76\" data-element_type=\"container\" data-e-type=\"container\" data-settings=\"{&quot;ekit_has_onepagescroll_dot&quot;:&quot;yes&quot;}\">\n\t\t<div class=\"elementor-element elementor-element-86fd9e0 e-con-full e-flex e-con e-child\" data-id=\"86fd9e0\" data-element_type=\"container\" data-e-type=\"container\" data-settings=\"{&quot;ekit_has_onepagescroll_dot&quot;:&quot;yes&quot;}\">\n\t\t\t\t<div class=\"elementor-element elementor-element-fee16b3 elementor-widget elementor-widget-image\" data-id=\"fee16b3\" data-element_type=\"widget\" data-e-type=\"widget\" data-settings=\"{&quot;ekit_we_effect_on&quot;:&quot;none&quot;}\" data-widget_type=\"image.default\">\n\t\t\t\t<div class=\"elementor-widget-container\">\n\t\t\t\t\t\t\t\t\t\t\t\t\t\t\t<img alt=\"\" decoding=\"async\" width=\"150\" height=\"150\" src=\"https:\/\/www.sunsetworldresorts.com\/newsite\/wp-content\/uploads\/2024\/10\/Logo-TheCode.jpg\" class=\"attachment-full size-full wp-image-329079\" srcset=\"https:\/\/www.sunsetworldresorts.com\/newsite\/wp-content\/uploads\/2024\/10\/Logo-TheCode.jpg 150w, https:\/\/www.sunsetworldresorts.com\/newsite\/wp-content\/uploads\/2024\/10\/Logo-TheCode-12x12.jpg 12w\" sizes=\"(max-width: 150px) 100vw, 150px\" \/>\t\t\t\t\t\t\t\t\t\t\t\t\t\t\t<\/div>\n\t\t\t\t<\/div>\n\t\t\t\t<\/div>\n\t\t<div class=\"elementor-element elementor-element-fdfceb0 e-con-full e-flex e-con e-child\" data-id=\"fdfceb0\" data-element_type=\"container\" data-e-type=\"container\" data-settings=\"{&quot;ekit_has_onepagescroll_dot&quot;:&quot;yes&quot;}\">\n\t\t\t\t<div class=\"elementor-element elementor-element-befc9d7 elementor-widget elementor-widget-heading\" data-id=\"befc9d7\" data-element_type=\"widget\" data-e-type=\"widget\" data-settings=\"{&quot;ekit_we_effect_on&quot;:&quot;none&quot;}\" data-widget_type=\"heading.default\">\n\t\t\t\t<div class=\"elementor-widget-container\">\n\t\t\t\t\t<h2 class=\"elementor-heading-title elementor-size-default\">Grupo Sunset World se enorgullece de su compromiso con la protecci\u00f3n de ni\u00f1as, ni\u00f1os y adolescentes en el sector de viajes y turismo<\/h2>\t\t\t\t<\/div>\n\t\t\t\t<\/div>\n\t\t\t\t<div class=\"elementor-element elementor-element-f5a70d6 elementor-widget elementor-widget-text-editor\" data-id=\"f5a70d6\" data-element_type=\"widget\" data-e-type=\"widget\" data-settings=\"{&quot;ekit_we_effect_on&quot;:&quot;none&quot;}\" data-widget_type=\"text-editor.default\">\n\t\t\t\t<div class=\"elementor-widget-container\">\n\t\t\t\t\t\t\t\t\t<p>Nos sumamos a la Certificaci\u00f3n C\u00f3digo de Conducta Nacional, reafirmando nuestra postura de \u201ccero tolerancia\u201d hacia cualquier conducta que amenace su seguridad y bienestar, con la certificaci\u00f3n internacional The Code, la cual se logr\u00f3 de la mano con ECPAT M\u00e9xico quienes son los representantes en el pa\u00eds para The Code<\/p><p>El C\u00f3digo (abreviatura de El C\u00f3digo de Conducta para la Protecci\u00f3n de Ni\u00f1os contra la Explotaci\u00f3n Sexual en los Viajes y el Turismo) es una iniciativa de m\u00faltiples partes interesadas con la misi\u00f3n de proporcionar conciencia, herramientas y apoyo a la industria de viajes y turismo para prevenir la explotaci\u00f3n sexual de ni\u00f1os y adolescentes.<\/p><p>El compromiso final adquirido es la protecci\u00f3n de los ni\u00f1os y adolescentes contra la explotaci\u00f3n sexual comercial en viajes y turismo., esta certificaci\u00f3n se obtuvo al cumplimentar con los seis criterios de implementaci\u00f3n de The Code a los cuales los miemb ros de la industria de los viajes y el turismo se comprometen, son<\/p>\t\t\t\t\t\t\t\t<\/div>\n\t\t\t\t<\/div>\n\t\t\t\t<div class=\"elementor-element elementor-element-b4ec59c elementor-widget elementor-widget-text-editor\" data-id=\"b4ec59c\" data-element_type=\"widget\" data-e-type=\"widget\" data-settings=\"{&quot;ekit_we_effect_on&quot;:&quot;none&quot;}\" data-widget_type=\"text-editor.default\">\n\t\t\t\t<div class=\"elementor-widget-container\">\n\t\t\t\t\t\t\t\t\t<ul><li>Establecer una pol\u00edtica y procedimientos contra la explotaci\u00f3n sexual de menores y regular el volunturismo.<\/li><li>Formar a los empleados sobre los derechos de los ni\u00f1os, la prevenci\u00f3n de la explotaci\u00f3n sexual y c\u00f3mo denunciar los casos sospechosos.<\/li><li>Incluir una cl\u00e1usula en los contratos de toda la cadena de valor que establezca una pol\u00edtica com\u00fan de repudio y tolerancia cero hacia la explotaci\u00f3n sexual infantil.<\/li><li>Proporcionar informaci\u00f3n a los viajeros sobre los derechos de los ni\u00f1os, la prevenci\u00f3n de la explotaci\u00f3n sexual infantil y c\u00f3mo denunciar los casos sospechosos.<\/li><li>Apoyar, colaborar y comprometer a las partes interesadas en la prevenci\u00f3n de la explotaci\u00f3n sexual infantil.<\/li><\/ul>\t\t\t\t\t\t\t\t<\/div>\n\t\t\t\t<\/div>\n\t\t\t\t<div class=\"elementor-element elementor-element-e9b788f elementor-widget elementor-widget-text-editor\" data-id=\"e9b788f\" data-element_type=\"widget\" data-e-type=\"widget\" data-settings=\"{&quot;ekit_we_effect_on&quot;:&quot;none&quot;}\" data-widget_type=\"text-editor.default\">\n\t\t\t\t<div class=\"elementor-widget-container\">\n\t\t\t\t\t\t\t\t\t<p class=\"translation-block\">Para m\u00e1s informaci\u00f3n, visita los sitios oficiales:<br><a href=\"http:\/\/www.thecode.org.\/\" target=\"_blank\" rel=\"noreferrer noopener\">http:\/\/www.thecode.org<\/a><br><a href=\"http:\/\/ecpatmexico.org.mx\/\" target=\"_blank\" rel=\"noopener\">http:\/\/ecpatmexico.org.mx<\/a><\/p>\t\t\t\t\t\t\t\t<\/div>\n\t\t\t\t<\/div>\n\t\t\t\t<\/div>\n\t\t\t\t<\/div>\n\t\t<div class=\"elementor-element elementor-element-b6ebf6d e-con-full e-flex e-con e-parent\" data-id=\"b6ebf6d\" data-element_type=\"container\" data-e-type=\"container\" data-settings=\"{&quot;ekit_has_onepagescroll_dot&quot;:&quot;yes&quot;}\">\n\t\t<div class=\"elementor-element elementor-element-4118a81 e-con-full e-flex e-con e-child\" data-id=\"4118a81\" data-element_type=\"container\" data-e-type=\"container\" data-settings=\"{&quot;ekit_has_onepagescroll_dot&quot;:&quot;yes&quot;}\">\n\t\t\t\t<\/div>\n\t\t<div class=\"elementor-element elementor-element-4555182 e-con-full e-flex e-con e-child\" data-id=\"4555182\" data-element_type=\"container\" data-e-type=\"container\" data-settings=\"{&quot;ekit_has_onepagescroll_dot&quot;:&quot;yes&quot;}\">\n\t\t\t\t<div class=\"elementor-element elementor-element-909cbfd elementor-widget elementor-widget-image\" data-id=\"909cbfd\" data-element_type=\"widget\" data-e-type=\"widget\" data-settings=\"{&quot;ekit_we_effect_on&quot;:&quot;none&quot;}\" data-widget_type=\"image.default\">\n\t\t\t\t<div class=\"elementor-widget-container\">\n\t\t\t\t\t\t\t\t\t\t\t\t\t\t\t<img alt=\"\" fetchpriority=\"high\" decoding=\"async\" width=\"1080\" height=\"1400\" src=\"https:\/\/www.sunsetworldresorts.com\/newsite\/wp-content\/uploads\/2024\/10\/banner-the-code-nueva-web-esp.webp\" class=\"attachment-full size-full wp-image-329092\" srcset=\"https:\/\/www.sunsetworldresorts.com\/newsite\/wp-content\/uploads\/2024\/10\/banner-the-code-nueva-web-esp.webp 1080w, https:\/\/www.sunsetworldresorts.com\/newsite\/wp-content\/uploads\/2024\/10\/banner-the-code-nueva-web-esp-231x300.webp 231w, https:\/\/www.sunsetworldresorts.com\/newsite\/wp-content\/uploads\/2024\/10\/banner-the-code-nueva-web-esp-790x1024.webp 790w, https:\/\/www.sunsetworldresorts.com\/newsite\/wp-content\/uploads\/2024\/10\/banner-the-code-nueva-web-esp-768x996.webp 768w, https:\/\/www.sunsetworldresorts.com\/newsite\/wp-content\/uploads\/2024\/10\/banner-the-code-nueva-web-esp-9x12.webp 9w\" sizes=\"(max-width: 1080px) 100vw, 1080px\" \/>\t\t\t\t\t\t\t\t\t\t\t\t\t\t\t<\/div>\n\t\t\t\t<\/div>\n\t\t\t\t<\/div>\n\t\t\t\t<\/div>\n\t\t\t\t<\/div>","protected":false},"excerpt":{"rendered":"<p>sunset wolrd culture The code Blue Heart Award Sunset World Safe STAY \u2122 Grupo Sunset World is proud with its commitment to the protection of children and adolescents in the travel and tourism sector With The Code international certification, which was achieved together with ECPAT Mexico, who are the representatives in the country for The [&hellip;]<\/p>","protected":false},"author":1,"featured_media":0,"parent":0,"menu_order":0,"comment_status":"closed","ping_status":"closed","template":"elementor_header_footer","meta":{"_seopress_robots_primary_cat":"","_seopress_titles_title":"","_seopress_titles_desc":"","_seopress_robots_index":"","footnotes":""},"class_list":["post-329071","page","type-page","status-publish","hentry"],"_links":{"self":[{"href":"https:\/\/www.sunsetworldresorts.com\/es\/wp-json\/wp\/v2\/pages\/329071","targetHints":{"allow":["GET"]}}],"collection":[{"href":"https:\/\/www.sunsetworldresorts.com\/es\/wp-json\/wp\/v2\/pages"}],"about":[{"href":"https:\/\/www.sunsetworldresorts.com\/es\/wp-json\/wp\/v2\/types\/page"}],"author":[{"embeddable":true,"href":"https:\/\/www.sunsetworldresorts.com\/es\/wp-json\/wp\/v2\/users\/1"}],"replies":[{"embeddable":true,"href":"https:\/\/www.sunsetworldresorts.com\/es\/wp-json\/wp\/v2\/comments?post=329071"}],"version-history":[{"count":67,"href":"https:\/\/www.sunsetworldresorts.com\/es\/wp-json\/wp\/v2\/pages\/329071\/revisions"}],"predecessor-version":[{"id":329583,"href":"https:\/\/www.sunsetworldresorts.com\/es\/wp-json\/wp\/v2\/pages\/329071\/revisions\/329583"}],"wp:attachment":[{"href":"https:\/\/www.sunsetworldresorts.com\/es\/wp-json\/wp\/v2\/media?parent=329071"}],"curies":[{"name":"wp","href":"https:\/\/api.w.org\/{rel}","templated":true}]}}