{"id":328930,"date":"2024-10-28T16:23:14","date_gmt":"2024-10-28T16:23:14","guid":{"rendered":"https:\/\/www.sunsetworldresorts.com\/newsite\/?page_id=328930"},"modified":"2024-10-31T22:45:47","modified_gmt":"2024-10-31T22:45:47","slug":"safe-stay","status":"publish","type":"page","link":"https:\/\/www.sunsetworldresorts.com\/es\/safe-stay\/","title":{"rendered":"SAFE STAY"},"content":{"rendered":"<div data-elementor-type=\"wp-page\" data-elementor-id=\"328930\" class=\"elementor elementor-328930\" data-elementor-post-type=\"page\">\n\t\t\t\t<div class=\"elementor-element elementor-element-02c0d06 e-flex e-con-boxed e-con e-parent\" data-id=\"02c0d06\" data-element_type=\"container\" data-e-type=\"container\" data-settings=\"{&quot;background_background&quot;:&quot;classic&quot;,&quot;ekit_has_onepagescroll_dot&quot;:&quot;yes&quot;}\">\n\t\t\t\t\t<div class=\"e-con-inner\">\n\t\t\t\t<div class=\"elementor-element elementor-element-9a06e60 elementor-widget elementor-widget-heading\" data-id=\"9a06e60\" data-element_type=\"widget\" data-e-type=\"widget\" data-settings=\"{&quot;ekit_we_effect_on&quot;:&quot;none&quot;}\" data-widget_type=\"heading.default\">\n\t\t\t\t<div class=\"elementor-widget-container\">\n\t\t\t\t\t<h2 class=\"elementor-heading-title elementor-size-default\">cultura sunset wolrd<\/h2>\t\t\t\t<\/div>\n\t\t\t\t<\/div>\n\t\t\t\t\t<\/div>\n\t\t\t\t<\/div>\n\t\t<div class=\"elementor-element elementor-element-ee6b045 e-con-full e-flex e-con e-parent\" data-id=\"ee6b045\" data-element_type=\"container\" data-e-type=\"container\" data-settings=\"{&quot;ekit_has_onepagescroll_dot&quot;:&quot;yes&quot;}\">\n\t\t\t\t<div class=\"elementor-element elementor-element-88ec2cd e-n-menu-none e-full_width e-n-menu-layout-horizontal elementor-widget elementor-widget-n-menu\" data-id=\"88ec2cd\" data-element_type=\"widget\" data-e-type=\"widget\" data-settings=\"{&quot;menu_items&quot;:[{&quot;item_title&quot;:&quot;The code&quot;,&quot;_id&quot;:&quot;86b0f51&quot;,&quot;item_link&quot;:{&quot;url&quot;:&quot;https:\\\/\\\/www.sunsetworldresorts.com\\\/newsite\\\/national-code-of-conduct\\\/&quot;,&quot;is_external&quot;:&quot;&quot;,&quot;nofollow&quot;:&quot;&quot;,&quot;custom_attributes&quot;:&quot;&quot;},&quot;item_dropdown_content&quot;:&quot;no&quot;,&quot;item_icon&quot;:{&quot;value&quot;:&quot;&quot;,&quot;library&quot;:&quot;&quot;},&quot;item_icon_active&quot;:null,&quot;element_id&quot;:&quot;&quot;},{&quot;item_title&quot;:&quot;Blue Heart Award&quot;,&quot;_id&quot;:&quot;059b460&quot;,&quot;item_link&quot;:{&quot;url&quot;:&quot;https:\\\/\\\/www.sunsetworldresorts.com\\\/newsite\\\/blue-heart-award\\\/&quot;,&quot;is_external&quot;:&quot;&quot;,&quot;nofollow&quot;:&quot;&quot;,&quot;custom_attributes&quot;:&quot;&quot;},&quot;item_dropdown_content&quot;:&quot;no&quot;,&quot;item_icon&quot;:{&quot;value&quot;:&quot;&quot;,&quot;library&quot;:&quot;&quot;},&quot;item_icon_active&quot;:null,&quot;element_id&quot;:&quot;&quot;},{&quot;item_title&quot;:&quot;Sunset World Safe STAY \\u2122&quot;,&quot;_id&quot;:&quot;6e9e085&quot;,&quot;item_link&quot;:{&quot;url&quot;:&quot;https:\\\/\\\/www.sunsetworldresorts.com\\\/newsite\\\/safe-stay\\\/&quot;,&quot;is_external&quot;:&quot;&quot;,&quot;nofollow&quot;:&quot;&quot;,&quot;custom_attributes&quot;:&quot;&quot;},&quot;item_dropdown_content&quot;:&quot;no&quot;,&quot;item_icon&quot;:{&quot;value&quot;:&quot;&quot;,&quot;library&quot;:&quot;&quot;},&quot;item_icon_active&quot;:null,&quot;element_id&quot;:&quot;&quot;}],&quot;item_position_horizontal&quot;:&quot;center&quot;,&quot;breakpoint_selector&quot;:&quot;none&quot;,&quot;content_width&quot;:&quot;full_width&quot;,&quot;item_layout&quot;:&quot;horizontal&quot;,&quot;open_on&quot;:&quot;hover&quot;,&quot;horizontal_scroll&quot;:&quot;disable&quot;,&quot;menu_item_title_distance_from_content&quot;:{&quot;unit&quot;:&quot;px&quot;,&quot;size&quot;:0,&quot;sizes&quot;:[]},&quot;menu_item_title_distance_from_content_tablet&quot;:{&quot;unit&quot;:&quot;px&quot;,&quot;size&quot;:&quot;&quot;,&quot;sizes&quot;:[]},&quot;menu_item_title_distance_from_content_mobile&quot;:{&quot;unit&quot;:&quot;px&quot;,&quot;size&quot;:&quot;&quot;,&quot;sizes&quot;:[]},&quot;ekit_we_effect_on&quot;:&quot;none&quot;}\" data-widget_type=\"mega-menu.default\">\n\t\t\t\t<div class=\"elementor-widget-container\">\n\t\t\t\t\t\t\t<nav class=\"e-n-menu\" data-widget-number=\"143\" aria-label=\"Men\u00fa\">\n\t\t\t\t\t<button class=\"e-n-menu-toggle\" id=\"menu-toggle-143\" aria-haspopup=\"true\" aria-expanded=\"false\" aria-controls=\"menubar-143\" aria-label=\"Menu Toggle\">\n\t\t\t<span class=\"e-n-menu-toggle-icon e-open\">\n\t\t\t\t<svg class=\"e-font-icon-svg e-eicon-menu-bar\" viewbox=\"0 0 1000 1000\" xmlns=\"http:\/\/www.w3.org\/2000\/svg\"><path d=\"M104 333H896C929 333 958 304 958 271S929 208 896 208H104C71 208 42 237 42 271S71 333 104 333ZM104 583H896C929 583 958 554 958 521S929 458 896 458H104C71 458 42 487 42 521S71 583 104 583ZM104 833H896C929 833 958 804 958 771S929 708 896 708H104C71 708 42 737 42 771S71 833 104 833Z\"><\/path><\/svg>\t\t\t<\/span>\n\t\t\t<span class=\"e-n-menu-toggle-icon e-close\">\n\t\t\t\t<svg class=\"e-font-icon-svg e-eicon-close\" viewbox=\"0 0 1000 1000\" xmlns=\"http:\/\/www.w3.org\/2000\/svg\"><path d=\"M742 167L500 408 258 167C246 154 233 150 217 150 196 150 179 158 167 167 154 179 150 196 150 212 150 229 154 242 171 254L408 500 167 742C138 771 138 800 167 829 196 858 225 858 254 829L496 587 738 829C750 842 767 846 783 846 800 846 817 842 829 829 842 817 846 804 846 783 846 767 842 750 829 737L588 500 833 258C863 229 863 200 833 171 804 137 775 137 742 167Z\"><\/path><\/svg>\t\t\t<\/span>\n\t\t<\/button>\n\t\t\t\t\t<div class=\"e-n-menu-wrapper\" id=\"menubar-143\" aria-labelledby=\"menu-toggle-143\">\n\t\t\t\t<ul class=\"e-n-menu-heading\">\n\t\t\t\t\t\t\t\t<li class=\"e-n-menu-item\">\n\t\t\t\t<div id=\"e-n-menu-title-1431\" class=\"e-n-menu-title\">\n\t\t\t\t\t<a class=\"e-n-menu-title-container e-focus e-link\" href=\"https:\/\/www.sunsetworldresorts.com\/es\/newsite\/national-code-of-conduct\/\">\t\t\t\t\t\t\t\t\t\t\t\t<span class=\"e-n-menu-title-text\">\n\t\t\t\t\t\t\tC\u00f3digo de Conducta Nacional\t\t\t\t\t\t<\/span>\n\t\t\t\t\t<\/a>\t\t\t\t\t\t\t\t\t<\/div>\n\t\t\t\t\t\t\t<\/li>\n\t\t\t\t\t<li class=\"e-n-menu-item\">\n\t\t\t\t<div id=\"e-n-menu-title-1432\" class=\"e-n-menu-title\">\n\t\t\t\t\t<a class=\"e-n-menu-title-container e-focus e-link\" href=\"https:\/\/www.sunsetworldresorts.com\/es\/newsite\/blue-heart-award\/\">\t\t\t\t\t\t\t\t\t\t\t\t<span class=\"e-n-menu-title-text\">\n\t\t\t\t\t\t\tPremio Coraz\u00f3n Azul\t\t\t\t\t\t<\/span>\n\t\t\t\t\t<\/a>\t\t\t\t\t\t\t\t\t<\/div>\n\t\t\t\t\t\t\t<\/li>\n\t\t\t\t\t<li class=\"e-n-menu-item\">\n\t\t\t\t<div id=\"e-n-menu-title-1433\" class=\"e-n-menu-title\">\n\t\t\t\t\t<a class=\"e-n-menu-title-container e-focus e-link\" href=\"https:\/\/www.sunsetworldresorts.com\/es\/newsite\/safe-stay\/\">\t\t\t\t\t\t\t\t\t\t\t\t<span class=\"e-n-menu-title-text\">\n\t\t\t\t\t\t\tSunset World ESTANCIA SEGURA \u2122\t\t\t\t\t\t<\/span>\n\t\t\t\t\t<\/a>\t\t\t\t\t\t\t\t\t<\/div>\n\t\t\t\t\t\t\t<\/li>\n\t\t\t\t\t\t<\/ul>\n\t\t\t<\/div>\n\t\t<\/nav>\n\t\t\t\t\t\t<\/div>\n\t\t\t\t<\/div>\n\t\t\t\t<\/div>\n\t\t<div class=\"elementor-element elementor-element-f3259df e-con-full e-flex e-con e-parent\" data-id=\"f3259df\" data-element_type=\"container\" data-e-type=\"container\" data-settings=\"{&quot;ekit_has_onepagescroll_dot&quot;:&quot;yes&quot;}\">\n\t\t<div class=\"elementor-element elementor-element-b9e0b7e e-con-full e-flex e-con e-child\" data-id=\"b9e0b7e\" data-element_type=\"container\" data-e-type=\"container\" data-settings=\"{&quot;ekit_has_onepagescroll_dot&quot;:&quot;yes&quot;}\">\n\t\t\t\t<div class=\"elementor-element elementor-element-1917a6a elementor-widget elementor-widget-image\" data-id=\"1917a6a\" data-element_type=\"widget\" data-e-type=\"widget\" data-settings=\"{&quot;ekit_we_effect_on&quot;:&quot;none&quot;}\" data-widget_type=\"image.default\">\n\t\t\t\t<div class=\"elementor-widget-container\">\n\t\t\t\t\t\t\t\t\t\t\t\t\t\t\t<img alt=\"\" decoding=\"async\" width=\"220\" height=\"137\" src=\"https:\/\/www.sunsetworldresorts.com\/newsite\/wp-content\/uploads\/2024\/10\/Logo-SunsetSafeStay.jpg\" class=\"attachment-full size-full wp-image-328936\" srcset=\"https:\/\/www.sunsetworldresorts.com\/newsite\/wp-content\/uploads\/2024\/10\/Logo-SunsetSafeStay.jpg 220w, https:\/\/www.sunsetworldresorts.com\/newsite\/wp-content\/uploads\/2024\/10\/Logo-SunsetSafeStay-18x12.jpg 18w\" sizes=\"(max-width: 220px) 100vw, 220px\" \/>\t\t\t\t\t\t\t\t\t\t\t\t\t\t\t<\/div>\n\t\t\t\t<\/div>\n\t\t\t\t<\/div>\n\t\t<div class=\"elementor-element elementor-element-ffc5ecb e-con-full e-flex e-con e-child\" data-id=\"ffc5ecb\" data-element_type=\"container\" data-e-type=\"container\" data-settings=\"{&quot;ekit_has_onepagescroll_dot&quot;:&quot;yes&quot;}\">\n\t\t\t\t<div class=\"elementor-element elementor-element-57c7536 elementor-widget elementor-widget-heading\" data-id=\"57c7536\" data-element_type=\"widget\" data-e-type=\"widget\" data-settings=\"{&quot;ekit_we_effect_on&quot;:&quot;none&quot;}\" data-widget_type=\"heading.default\">\n\t\t\t\t<div class=\"elementor-widget-container\">\n\t\t\t\t\t<h2 class=\"elementor-heading-title elementor-size-default\">En Sunset World siempre estamos comprometidos con ofrecer la mejor y\nm\u00e1s segura experiencia vacacional y seguimos trabajando para mantener\nlos est\u00e1ndares de servicios.<\/h2>\t\t\t\t<\/div>\n\t\t\t\t<\/div>\n\t\t\t\t<div class=\"elementor-element elementor-element-b2b0743 elementor-widget elementor-widget-text-editor\" data-id=\"b2b0743\" data-element_type=\"widget\" data-e-type=\"widget\" data-settings=\"{&quot;ekit_we_effect_on&quot;:&quot;none&quot;}\" data-widget_type=\"text-editor.default\">\n\t\t\t\t<div class=\"elementor-widget-container\">\n\t\t\t\t\t\t\t\t\t<p>En Sunset World siempre estamos comprometidos con ofrecer la mejor y m\u00e1s segura experiencia vacacional y seguimos trabajando para mantener los est\u00e1ndares de servicios. De acuerdo con las disposiciones actuales despu\u00e9s de la declaratoria en el mes de mayo del 2023 por la OMS (Organizaci\u00f3n Mundial de la S alud) declarando el fin de la pandemia del SARScov2 - covid - 19; sum\u00e1ndonos a lo referido por el Gobierno de M\u00e9xico que decret\u00f3 el fin de la EMERGENCIA SANITARIA el 9 de septiembre del 2023.<\/p><p>Para nuestro pa\u00eds el padecimiento queda en fase END\u00c9MICA, es decir, ser\u00e1 una amenaza a la salud p\u00fablica latente, pero previsible, se debe incentivar a mantener las buenas pr\u00e1cticas de higiene; por ello hemos actualizado nuestros est\u00e1ndares de calidad para mantener y reforzar acciones preventivas para convivir en un ambiente seguro para la salud de todos.<\/p><p class=\"translation-block\">A\u00f1o tras a\u00f1o continuamos trabajando con la m\u00e1xima certificaci\u00f3n que otorgan las Secretar\u00edas de Turismo y Salud a los hoteles y restaurantes que cumplen con los m\u00e1s estrictos est\u00e1ndares d e seguridad e higiene en la preparaci\u00f3n y gesti\u00f3n de alimentos y bebidas, otorg\u00e1ndonos la Certificaci\u00f3n de Distintivo H<\/p>\t\t\t\t\t\t\t\t<\/div>\n\t\t\t\t<\/div>\n\t\t\t\t<\/div>\n\t\t\t\t<\/div>\n\t\t<div class=\"elementor-element elementor-element-b50de03 e-con-full e-flex e-con e-parent\" data-id=\"b50de03\" data-element_type=\"container\" data-e-type=\"container\" data-settings=\"{&quot;ekit_has_onepagescroll_dot&quot;:&quot;yes&quot;}\">\n\t\t\t\t<div class=\"elementor-element elementor-element-aaf08e9 elementor-widget-divider--view-line elementor-widget elementor-widget-divider\" data-id=\"aaf08e9\" data-element_type=\"widget\" data-e-type=\"widget\" data-settings=\"{&quot;ekit_we_effect_on&quot;:&quot;none&quot;}\" data-widget_type=\"divider.default\">\n\t\t\t\t<div class=\"elementor-widget-container\">\n\t\t\t\t\t\t\t<div class=\"elementor-divider\">\n\t\t\t<span class=\"elementor-divider-separator\">\n\t\t\t\t\t\t<\/span>\n\t\t<\/div>\n\t\t\t\t\t\t<\/div>\n\t\t\t\t<\/div>\n\t\t\t\t<\/div>\n\t\t<div class=\"elementor-element elementor-element-e013f91 e-con-full e-flex e-con e-parent\" data-id=\"e013f91\" data-element_type=\"container\" data-e-type=\"container\" data-settings=\"{&quot;ekit_has_onepagescroll_dot&quot;:&quot;yes&quot;}\">\n\t\t<div class=\"elementor-element elementor-element-4db1254 e-con-full e-flex e-con e-child\" data-id=\"4db1254\" data-element_type=\"container\" data-e-type=\"container\" data-settings=\"{&quot;ekit_has_onepagescroll_dot&quot;:&quot;yes&quot;}\">\n\t\t\t\t<div class=\"elementor-element elementor-element-29d4704 elementor-widget elementor-widget-image\" data-id=\"29d4704\" data-element_type=\"widget\" data-e-type=\"widget\" data-settings=\"{&quot;ekit_we_effect_on&quot;:&quot;none&quot;}\" data-widget_type=\"image.default\">\n\t\t\t\t<div class=\"elementor-widget-container\">\n\t\t\t\t\t\t\t\t\t\t\t\t\t\t\t<img alt=\"\" fetchpriority=\"high\" decoding=\"async\" width=\"400\" height=\"500\" src=\"https:\/\/www.sunsetworldresorts.com\/newsite\/wp-content\/uploads\/2024\/10\/foto_SafeStay.jpg\" class=\"attachment-full size-full wp-image-328958\" srcset=\"https:\/\/www.sunsetworldresorts.com\/newsite\/wp-content\/uploads\/2024\/10\/foto_SafeStay.jpg 400w, https:\/\/www.sunsetworldresorts.com\/newsite\/wp-content\/uploads\/2024\/10\/foto_SafeStay-240x300.jpg 240w, https:\/\/www.sunsetworldresorts.com\/newsite\/wp-content\/uploads\/2024\/10\/foto_SafeStay-10x12.jpg 10w\" sizes=\"(max-width: 400px) 100vw, 400px\" \/>\t\t\t\t\t\t\t\t\t\t\t\t\t\t\t<\/div>\n\t\t\t\t<\/div>\n\t\t\t\t<\/div>\n\t\t<div class=\"elementor-element elementor-element-3b32292 e-con-full e-flex e-con e-child\" data-id=\"3b32292\" data-element_type=\"container\" data-e-type=\"container\" data-settings=\"{&quot;ekit_has_onepagescroll_dot&quot;:&quot;yes&quot;}\">\n\t\t\t\t<div class=\"elementor-element elementor-element-480d9f8 elementor-widget elementor-widget-heading\" data-id=\"480d9f8\" data-element_type=\"widget\" data-e-type=\"widget\" data-settings=\"{&quot;ekit_we_effect_on&quot;:&quot;none&quot;}\" data-widget_type=\"heading.default\">\n\t\t\t\t<div class=\"elementor-widget-container\">\n\t\t\t\t\t<h2 class=\"elementor-heading-title elementor-size-default\">Recomendaciones generales seg\u00fan las agencias gubernamentales<\/h2>\t\t\t\t<\/div>\n\t\t\t\t<\/div>\n\t\t\t\t<div class=\"elementor-element elementor-element-2ef9b07 elementor-widget elementor-widget-text-editor\" data-id=\"2ef9b07\" data-element_type=\"widget\" data-e-type=\"widget\" data-settings=\"{&quot;ekit_we_effect_on&quot;:&quot;none&quot;}\" data-widget_type=\"text-editor.default\">\n\t\t\t\t<div class=\"elementor-widget-container\">\n\t\t\t\t\t\t\t\t\t<p class=\"translation-block\">- Mantenga un lavado de manos frecuente durante 20 segundos.<br><br>- Mantenemos una se\u00f1alizaci\u00f3n clara recordando a nuestros socios y hu\u00e9spedes el uso correcto del gel desinfectante de manos dentro de la propiedad, as\u00ed como evitar tocarse la cara, ojos, nariz o boca y cubrirse adecuadamente con el codo flexionado en caso de toser o estornudar. <br><br>- Se colocan estaciones de gel desinfectante para manos en diversas \u00e1reas del hotel.<br><br>- Se mantiene y realiza la limpieza y desinfecci\u00f3n en todos los espacios p\u00fablicos.<br><br>- No escupa. Si es necesario, utilice un pa\u00f1uelo de papel, m\u00e9talo en una bolsa de pl\u00e1stico, \u00e1tela y t\u00edrela a la basura, despu\u00e9s l\u00e1vese las manos.<br><br>- Qu\u00e9dese en casa cuando tenga enfermedades respiratorias y acuda al m\u00e9dico si se presenta alguno de los s\u00edntomas (fiebre superior a 38\u00b0C, dolor de cabeza, dolor de garganta, secreci\u00f3n nasal, etc.).<br><br>- Evite en lo posible el contacto con personas con enfermedades respiratorias.<\/p>\t\t\t\t\t\t\t\t<\/div>\n\t\t\t\t<\/div>\n\t\t\t\t<div class=\"elementor-element elementor-element-0fdeb99 elementor-widget elementor-widget-heading\" data-id=\"0fdeb99\" data-element_type=\"widget\" data-e-type=\"widget\" data-settings=\"{&quot;ekit_we_effect_on&quot;:&quot;none&quot;}\" data-widget_type=\"heading.default\">\n\t\t\t\t<div class=\"elementor-widget-container\">\n\t\t\t\t\t<h2 class=\"elementor-heading-title elementor-size-default\">Medidas generales\n<\/h2>\t\t\t\t<\/div>\n\t\t\t\t<\/div>\n\t\t\t\t<div class=\"elementor-element elementor-element-a9eac00 elementor-widget elementor-widget-text-editor\" data-id=\"a9eac00\" data-element_type=\"widget\" data-e-type=\"widget\" data-settings=\"{&quot;ekit_we_effect_on&quot;:&quot;none&quot;}\" data-widget_type=\"text-editor.default\">\n\t\t\t\t<div class=\"elementor-widget-container\">\n\t\t\t\t\t\t\t\t\t<p class=\"translation-block\"><strong>Transporte hotel<\/strong><br>- Mantener el lavado de manos frecuente durante 20 segundos.<\/p><p class=\"translation-block\"><strong>Mostrador de recepci\u00f3n<\/strong><br>- Los puntos de acceso se limpian y desinfectan diariamente.<\/p><p class=\"translation-block\"><strong>Ama de llaves<\/strong><br>- Cambia la ropa de cama a diario.<br>- Limpia y desinfecta las habitaciones a diario, siguiendo las normas de las habitaciones, con especial atenci\u00f3n a las zonas de alto contacto, como tel\u00e9fonos, mandos, pomos y escritorios.<br>- Las zonas p\u00fablicas se mantienen limpias seg\u00fan la norma de la zona.<\/p><p class=\"translation-block\"><strong>Mantenimiento<\/strong><br>- Aplique y compruebe el nivel correcto de cloro en las piscinas.<br>- Limpie y sustituya rutinariamente los filtros del sistema de aire acondicionado.<\/p><p class=\"translation-block\"><strong>Alimentos y bebidas<\/strong><br>- Todos los centros de consumo disponen de men\u00fas digitales descargables en dispositivos mediante c\u00f3digo QR.<br>- El uso de mascarillas es opcional para los hu\u00e9spedes que deseen llevarlas.<\/p><p class=\"translation-block\"><strong>Creando Momentos<\/strong><br>- Los puestos de juego se mantienen limpios diariamente seg\u00fan los est\u00e1ndares de la zona.<\/p><p class=\"translation-block\"><strong>Fitness Center<\/strong><br>- Promueve el uso de gel de manos y el uso individual de los objetos personales.<\/p><p class=\"translation-block\"><strong>Spa<\/strong><br>- Todas las zonas se mantienen limpias y con presencia de desinfectante de manos y superficies para las zonas de contacto frontal.<br>- El uso de vapor, sauna y jacuzzi se atienden previa reserva.<\/p>\t\t\t\t\t\t\t\t<\/div>\n\t\t\t\t<\/div>\n\t\t\t\t<div class=\"elementor-element elementor-element-1ac1fa7 elementor-widget elementor-widget-text-editor\" data-id=\"1ac1fa7\" data-element_type=\"widget\" data-e-type=\"widget\" data-settings=\"{&quot;ekit_we_effect_on&quot;:&quot;none&quot;}\" data-widget_type=\"text-editor.default\">\n\t\t\t\t<div class=\"elementor-widget-container\">\n\t\t\t\t\t\t\t\t\t<p>En los siguientes enlaces de inter\u00e9s, podr\u00e1 revisar informaci\u00f3n relevante y actualizada sobre el COVID-19, as\u00ed como diversas medidas preventivas para evitar el contagio de este virus.<\/p><p><a href=\"https:\/\/www.gob.mx\/salud\/documentos\/covid19\" target=\"_blank\" rel=\"noopener\"><span style=\"text-decoration: underline;\">https:\/\/www.gob.mx\/salud\/documentos\/covid19<\/span><\/a><br \/><a href=\"https:\/\/www.who.int\/emergencies\/diseases\/novel-coronavirus-2019\" target=\"_blank\" rel=\"noopener\"><span style=\"text-decoration: underline;\">https:\/\/www.who.int\/emergencies\/diseases\/novel-coronavirus-2019<\/span><\/a><\/p>\t\t\t\t\t\t\t\t<\/div>\n\t\t\t\t<\/div>\n\t\t\t\t<\/div>\n\t\t\t\t<\/div>\n\t\t\t\t<\/div>","protected":false},"excerpt":{"rendered":"<p>sunset wolrd culture The code Blue Heart Award Sunset World Safe STAY \u2122 At Sunset World, we are always committed to providing the best and safest vacation experience and continue to work to maintain the required service standards. In accordance with the current provisions after the declaration in May 2023 by the WHO (World Health [&hellip;]<\/p>","protected":false},"author":1,"featured_media":0,"parent":0,"menu_order":0,"comment_status":"closed","ping_status":"closed","template":"elementor_header_footer","meta":{"_seopress_robots_primary_cat":"","_seopress_titles_title":"","_seopress_titles_desc":"","_seopress_robots_index":"","footnotes":""},"class_list":["post-328930","page","type-page","status-publish","hentry"],"_links":{"self":[{"href":"https:\/\/www.sunsetworldresorts.com\/es\/wp-json\/wp\/v2\/pages\/328930","targetHints":{"allow":["GET"]}}],"collection":[{"href":"https:\/\/www.sunsetworldresorts.com\/es\/wp-json\/wp\/v2\/pages"}],"about":[{"href":"https:\/\/www.sunsetworldresorts.com\/es\/wp-json\/wp\/v2\/types\/page"}],"author":[{"embeddable":true,"href":"https:\/\/www.sunsetworldresorts.com\/es\/wp-json\/wp\/v2\/users\/1"}],"replies":[{"embeddable":true,"href":"https:\/\/www.sunsetworldresorts.com\/es\/wp-json\/wp\/v2\/comments?post=328930"}],"version-history":[{"count":154,"href":"https:\/\/www.sunsetworldresorts.com\/es\/wp-json\/wp\/v2\/pages\/328930\/revisions"}],"predecessor-version":[{"id":329553,"href":"https:\/\/www.sunsetworldresorts.com\/es\/wp-json\/wp\/v2\/pages\/328930\/revisions\/329553"}],"wp:attachment":[{"href":"https:\/\/www.sunsetworldresorts.com\/es\/wp-json\/wp\/v2\/media?parent=328930"}],"curies":[{"name":"wp","href":"https:\/\/api.w.org\/{rel}","templated":true}]}}